{"id":109,"date":"2024-01-02T12:26:40","date_gmt":"2024-01-02T11:26:40","guid":{"rendered":"https:\/\/onkologie-cottbus.de\/onkologie-haematologie-cottbus\/?page_id=109"},"modified":"2024-02-04T20:16:07","modified_gmt":"2024-02-04T19:16:07","slug":"impressum","status":"publish","type":"page","link":"https:\/\/onkologie-cottbus.de\/onkologie-haematologie-cottbus\/impressum\/","title":{"rendered":"Impressum"},"content":{"rendered":"\n<p><strong>Schwerpunktpraxis f\u00fcr H\u00e4matologie und Onkologie f\u00fcr Cottbus<br><\/strong><strong>Gudrun Sch\u00fcler<\/strong><br>Fach\u00e4rztin f\u00fcr Innere Medizin und Schwerpunkt Onkologie und H\u00e4matologie<br>Praxisinhaberin Gudrun Sch\u00fcler<\/p>\n\n\n\n<p>Parzellenstra\u00dfe 10<br>03046 Cottbus<\/p>\n\n\n\n<p>Telefon: 03 55 \/ 79 71 70<br>Fax: &nbsp;&nbsp;&nbsp;&nbsp;&nbsp;&nbsp;&nbsp;&nbsp;0355 \/ 79 14 54<br>E-Mail:&nbsp;<a href=\"mailto:praxis@onkologie-cottbus.de\"><strong>praxis@onkologie-cottbus.de<\/strong><\/a><\/p>\n\n\n\n<p><strong>Zust\u00e4ndige Landes\u00e4rztekammer (Aufsichtbeh\u00f6rde)<\/strong><br>Landes\u00e4rztekammer Brandenburg<br>Gesch\u00e4ftsstelle Cottbus<br>Dreifertstra\u00dfe 12<br>03044 Cottbus<\/p>\n\n\n\n<p><strong>Zust\u00e4ndige Kassen\u00e4rztliche Vereinigung (Brandenburg)<\/strong><br>Pappelallee 5<br>14469 Potsdam<\/p>\n\n\n\n<p><strong>Berufsbezeichnungen<\/strong><br>Gudrun Sch\u00fcler \u2013 \u00c4rztin, verliehen in der Bundesrepublik Deutschland<\/p>\n\n\n\n<p><strong>Berufsrechtliche Regelungen:<\/strong><br><a href=\"https:\/\/www.laekb.de\/www\/website\/PublicNavigation\/arzt\/arztrecht\/gesetze\/\" target=\"_blank\" rel=\"noreferrer noopener\">Gesetze und Verordnungen<\/a><\/p>\n\n\n\n<p><strong>Inhaltlich Verantwortliche gema\u00df \u00a7 55 Absatz 2 RStV<\/strong><br>Gudrun Sch\u00fcler<\/p>\n\n\n\n<p><strong>Haftungshinweis<br><\/strong>Mit Urteil vom 12. Mai 1998 hat das Landgericht Hamburg entschieden, dass man durch die Ausbringung eines Links die Inhalte der gelinkten Seite ggf. mit zu verantworten hat. Dies kann \u2013 so das LG \u2013 nur dadurch verhindert werden, dass man sich ausdr\u00fccklich von diesen Inhalten distanziert. Wir haben Links auf dieser Seite zu anderen Seiten im Internet gelegt. F\u00fcr all diese Links gilt: Wir m\u00f6chten ausdr\u00fccklich betonen, dass wir keinerlei Einfluss auf die Gestaltung und die Inhalte der gelinkten Seiten haben. Deshalb distanzieren wir uns hiermit ausdr\u00fccklich von allen Inhalten aller gelinkten Seiten auf dieser Homepage und machen uns ihre Inhalte nicht zu eigen. Diese Erkl\u00e4rung gilt f\u00fcr alle auf dieser Homepage ausgebrachten Links.<\/p>\n\n\n\n<p><strong>Verbraucherinformation<\/strong><br>Gem\u00e4\u00df Verordnung (EU) Nr. 524\/2013:<br>Im Rahmen der Verordnung \u00fcber Online-Streitbeilegung zu Verbraucherangelegenheiten steht Ihnen unter&nbsp;<a href=\"http:\/\/ec.europa.eu\/consumers\/odr\/\" target=\"_blank\" rel=\"noreferrer noopener\">http:\/\/ec.europa.eu\/consumers\/odr\/<\/a>&nbsp;eine Online-Streitbeilegungsplattform der EU-Kommission zur Verf\u00fcgung.<br>Kontakt per Mail:&nbsp;<a href=\"mailto:praxis@onkologie-cottbus.de\"><strong>praxis@onkologie-cottbus.de<\/strong><\/a><\/p>\n\n\n\n<div style=\"height:100px\" aria-hidden=\"true\" class=\"wp-block-spacer\"><\/div>\n","protected":false},"excerpt":{"rendered":"<p>Schwerpunktpraxis f\u00fcr H\u00e4matologie und Onkologie f\u00fcr CottbusGudrun Sch\u00fclerFach\u00e4rztin f\u00fcr Innere Medizin und Schwerpunkt Onkologie und H\u00e4matologiePraxisinhaberin Gudrun Sch\u00fcler Parzellenstra\u00dfe 1003046 Cottbus Telefon: 03 55 \/ 79 71 70Fax: &nbsp;&nbsp;&nbsp;&nbsp;&nbsp;&nbsp;&nbsp;&nbsp;0355 \/ 79 14 54E-Mail:&nbsp;praxis@onkologie-cottbus.de Zust\u00e4ndige Landes\u00e4rztekammer (Aufsichtbeh\u00f6rde)Landes\u00e4rztekammer BrandenburgGesch\u00e4ftsstelle CottbusDreifertstra\u00dfe 1203044 Cottbus Zust\u00e4ndige Kassen\u00e4rztliche Vereinigung (Brandenburg)Pappelallee 514469 Potsdam BerufsbezeichnungenGudrun Sch\u00fcler \u2013 \u00c4rztin, verliehen in der Bundesrepublik Deutschland [&hellip;]<\/p>\n","protected":false},"author":1,"featured_media":190,"parent":0,"menu_order":0,"comment_status":"closed","ping_status":"closed","template":"","meta":{"footnotes":""},"class_list":["post-109","page","type-page","status-publish","has-post-thumbnail","hentry"],"_links":{"self":[{"href":"https:\/\/onkologie-cottbus.de\/onkologie-haematologie-cottbus\/wp-json\/wp\/v2\/pages\/109","targetHints":{"allow":["GET"]}}],"collection":[{"href":"https:\/\/onkologie-cottbus.de\/onkologie-haematologie-cottbus\/wp-json\/wp\/v2\/pages"}],"about":[{"href":"https:\/\/onkologie-cottbus.de\/onkologie-haematologie-cottbus\/wp-json\/wp\/v2\/types\/page"}],"author":[{"embeddable":true,"href":"https:\/\/onkologie-cottbus.de\/onkologie-haematologie-cottbus\/wp-json\/wp\/v2\/users\/1"}],"replies":[{"embeddable":true,"href":"https:\/\/onkologie-cottbus.de\/onkologie-haematologie-cottbus\/wp-json\/wp\/v2\/comments?post=109"}],"version-history":[{"count":5,"href":"https:\/\/onkologie-cottbus.de\/onkologie-haematologie-cottbus\/wp-json\/wp\/v2\/pages\/109\/revisions"}],"predecessor-version":[{"id":363,"href":"https:\/\/onkologie-cottbus.de\/onkologie-haematologie-cottbus\/wp-json\/wp\/v2\/pages\/109\/revisions\/363"}],"wp:featuredmedia":[{"embeddable":true,"href":"https:\/\/onkologie-cottbus.de\/onkologie-haematologie-cottbus\/wp-json\/wp\/v2\/media\/190"}],"wp:attachment":[{"href":"https:\/\/onkologie-cottbus.de\/onkologie-haematologie-cottbus\/wp-json\/wp\/v2\/media?parent=109"}],"curies":[{"name":"wp","href":"https:\/\/api.w.org\/{rel}","templated":true}]}}