{"id":19,"date":"2023-11-21T20:55:56","date_gmt":"2023-11-21T19:55:56","guid":{"rendered":"https:\/\/onkologie-cottbus.de\/onkologie-haematologie-cottbus\/?page_id=19"},"modified":"2024-02-04T18:17:53","modified_gmt":"2024-02-04T17:17:53","slug":"onkologie","status":"publish","type":"page","link":"https:\/\/onkologie-cottbus.de\/onkologie-haematologie-cottbus\/onkologie\/","title":{"rendered":"Onkologie"},"content":{"rendered":"\n<p>Die <strong>Onkologie <\/strong>umfasst die Behandlung von <strong>Krebserkrankungen<\/strong>.<br>Dies hei\u00dft nicht, dass wir \u201eChemotherapeuten\u201c sind.<br>Neben der Onkologie sind genauso die Chirurgie und Strahlentherapie bei Krebserkrankungen f\u00fcr die Behandlung von gr\u00f6\u00dfter Bedeutung.<br>Viele <strong>Behandlungen <\/strong>sind \u201e<strong>multimodal<\/strong>\u201c, das hei\u00dft, dass sie nur unter Zusammenarbeit der Chirurgie, Strahlentherapie und Onkologie m\u00f6glich sind.<\/p>\n\n\n\n<p>Daher arbeiten wir mit den Kollegen dieser Fachrichtung eng zusammen. Der fachliche Austausch und die Behandlungsplanung erfolgt regelm\u00e4\u00dfig im Rahmen von Tumorkonferenzen.<\/p>\n\n\n\n<p>Prinzipiell kann eine <strong>Krebsbehandlung mehrere Ziele<\/strong> haben:<\/p>\n\n\n\n<ul class=\"wp-block-list\">\n<li><strong><em>Kurativ:<\/em><\/strong><br>Ziel ist die Heilung der Erkrankung. Zu erw\u00e4hnen sind hier bez\u00fcglich einer Chemotherapie 3 spezifische Begriffe.<br>adjuvant: Chemotherapie nach einer Operation, obwohl der komplette Tumor entfernt wurde. Also eine \u201evorbeugende\u201c Chemotherapie.<br>neoadjuvant: Chemotherapie vor einer geplanten vollst\u00e4ndigen Tumoroperation. Ziel ist die Tumorverkleinerung und die Verbesserung der \u201eOperierbarkeit\u201c<\/li>\n\n\n\n<li><strong><em>Palliativ:<\/em><\/strong><br>Diese Therapieform ist auf Beschwerdelinderung, Lebensverl\u00e4ngerung und Verbesserung der Lebensqualit\u00e4t ausgerichtet.<br>Dies bedeutet nicht ausschlie\u00dflich Chemotherapie. Auch Operationen oder Bestrahlungsverfahren k\u00f6nnen dies bewirken. Ebenso ist eine gut abgestimmte Schmerztherapie ein wichtiger Bestandteil, die gute Versorgung im gewohnten sozialen Umfeld sowie eine Vermeidung von Mangelern\u00e4hrung.<br>Auch wenn Krebserkrankungen in diesem Stadium in der Regel nicht heilbar sind, k\u00f6nnen sie doch in vielen F\u00e4llen in chronische Erkrankungen mit einer langfristigen Dauerbehandlung \u00fcberf\u00fchrt werden<\/li>\n<\/ul>\n\n\n\n<div style=\"height:100px\" aria-hidden=\"true\" class=\"wp-block-spacer\"><\/div>\n","protected":false},"excerpt":{"rendered":"<p>Die Onkologie umfasst die Behandlung von Krebserkrankungen.Dies hei\u00dft nicht, dass wir \u201eChemotherapeuten\u201c sind.Neben der Onkologie sind genauso die Chirurgie und Strahlentherapie bei Krebserkrankungen f\u00fcr die Behandlung von gr\u00f6\u00dfter Bedeutung.Viele Behandlungen sind \u201emultimodal\u201c, das hei\u00dft, dass sie nur unter Zusammenarbeit der Chirurgie, Strahlentherapie und Onkologie m\u00f6glich sind. Daher arbeiten wir mit den Kollegen dieser Fachrichtung eng [&hellip;]<\/p>\n","protected":false},"author":1,"featured_media":188,"parent":0,"menu_order":0,"comment_status":"closed","ping_status":"closed","template":"","meta":{"footnotes":""},"class_list":["post-19","page","type-page","status-publish","has-post-thumbnail","hentry"],"_links":{"self":[{"href":"https:\/\/onkologie-cottbus.de\/onkologie-haematologie-cottbus\/wp-json\/wp\/v2\/pages\/19","targetHints":{"allow":["GET"]}}],"collection":[{"href":"https:\/\/onkologie-cottbus.de\/onkologie-haematologie-cottbus\/wp-json\/wp\/v2\/pages"}],"about":[{"href":"https:\/\/onkologie-cottbus.de\/onkologie-haematologie-cottbus\/wp-json\/wp\/v2\/types\/page"}],"author":[{"embeddable":true,"href":"https:\/\/onkologie-cottbus.de\/onkologie-haematologie-cottbus\/wp-json\/wp\/v2\/users\/1"}],"replies":[{"embeddable":true,"href":"https:\/\/onkologie-cottbus.de\/onkologie-haematologie-cottbus\/wp-json\/wp\/v2\/comments?post=19"}],"version-history":[{"count":3,"href":"https:\/\/onkologie-cottbus.de\/onkologie-haematologie-cottbus\/wp-json\/wp\/v2\/pages\/19\/revisions"}],"predecessor-version":[{"id":347,"href":"https:\/\/onkologie-cottbus.de\/onkologie-haematologie-cottbus\/wp-json\/wp\/v2\/pages\/19\/revisions\/347"}],"wp:featuredmedia":[{"embeddable":true,"href":"https:\/\/onkologie-cottbus.de\/onkologie-haematologie-cottbus\/wp-json\/wp\/v2\/media\/188"}],"wp:attachment":[{"href":"https:\/\/onkologie-cottbus.de\/onkologie-haematologie-cottbus\/wp-json\/wp\/v2\/media?parent=19"}],"curies":[{"name":"wp","href":"https:\/\/api.w.org\/{rel}","templated":true}]}}