{"id":21,"date":"2023-11-21T20:56:27","date_gmt":"2023-11-21T19:56:27","guid":{"rendered":"https:\/\/onkologie-cottbus.de\/onkologie-haematologie-cottbus\/?page_id=21"},"modified":"2024-01-29T19:57:45","modified_gmt":"2024-01-29T18:57:45","slug":"haematologie","status":"publish","type":"page","link":"https:\/\/onkologie-cottbus.de\/onkologie-haematologie-cottbus\/haematologie\/","title":{"rendered":"H\u00e4matologie"},"content":{"rendered":"\n<p>Die H\u00e4matologie befasst sich mit Erkrankungen des blutbildenden Systems. Dies umfasst neben dem Blut auch das Knochenmark, die Lymphknoten und die Milz.<\/p>\n\n\n\n<p>Das Spektrum umfasst zum einen eine gro\u00dfe Anzahl an gutartigen Bluterkrankungen, und zum anderen auch die b\u00f6sartigen Bluterkrankungen (z. B. Leuk\u00e4mien und Lymphome)<\/p>\n\n\n\n<div style=\"height:100px\" aria-hidden=\"true\" class=\"wp-block-spacer\"><\/div>\n","protected":false},"excerpt":{"rendered":"<p>Die H\u00e4matologie befasst sich mit Erkrankungen des blutbildenden Systems. Dies umfasst neben dem Blut auch das Knochenmark, die Lymphknoten und die Milz. Das Spektrum umfasst zum einen eine gro\u00dfe Anzahl an gutartigen Bluterkrankungen, und zum anderen auch die b\u00f6sartigen Bluterkrankungen (z. B. Leuk\u00e4mien und Lymphome)<\/p>\n","protected":false},"author":1,"featured_media":215,"parent":0,"menu_order":0,"comment_status":"closed","ping_status":"closed","template":"","meta":{"footnotes":""},"class_list":["post-21","page","type-page","status-publish","has-post-thumbnail","hentry"],"_links":{"self":[{"href":"https:\/\/onkologie-cottbus.de\/onkologie-haematologie-cottbus\/wp-json\/wp\/v2\/pages\/21","targetHints":{"allow":["GET"]}}],"collection":[{"href":"https:\/\/onkologie-cottbus.de\/onkologie-haematologie-cottbus\/wp-json\/wp\/v2\/pages"}],"about":[{"href":"https:\/\/onkologie-cottbus.de\/onkologie-haematologie-cottbus\/wp-json\/wp\/v2\/types\/page"}],"author":[{"embeddable":true,"href":"https:\/\/onkologie-cottbus.de\/onkologie-haematologie-cottbus\/wp-json\/wp\/v2\/users\/1"}],"replies":[{"embeddable":true,"href":"https:\/\/onkologie-cottbus.de\/onkologie-haematologie-cottbus\/wp-json\/wp\/v2\/comments?post=21"}],"version-history":[{"count":3,"href":"https:\/\/onkologie-cottbus.de\/onkologie-haematologie-cottbus\/wp-json\/wp\/v2\/pages\/21\/revisions"}],"predecessor-version":[{"id":336,"href":"https:\/\/onkologie-cottbus.de\/onkologie-haematologie-cottbus\/wp-json\/wp\/v2\/pages\/21\/revisions\/336"}],"wp:featuredmedia":[{"embeddable":true,"href":"https:\/\/onkologie-cottbus.de\/onkologie-haematologie-cottbus\/wp-json\/wp\/v2\/media\/215"}],"wp:attachment":[{"href":"https:\/\/onkologie-cottbus.de\/onkologie-haematologie-cottbus\/wp-json\/wp\/v2\/media?parent=21"}],"curies":[{"name":"wp","href":"https:\/\/api.w.org\/{rel}","templated":true}]}}