{"id":23,"date":"2023-11-21T20:57:10","date_gmt":"2023-11-21T19:57:10","guid":{"rendered":"https:\/\/onkologie-cottbus.de\/onkologie-haematologie-cottbus\/?page_id=23"},"modified":"2024-02-04T18:18:50","modified_gmt":"2024-02-04T17:18:50","slug":"haematologie-2","status":"publish","type":"page","link":"https:\/\/onkologie-cottbus.de\/onkologie-haematologie-cottbus\/haematologie-2\/","title":{"rendered":"H\u00e4matologie"},"content":{"rendered":"\n<p><strong>Diagnostik <\/strong>und <strong>Behandlung <\/strong>von <strong>Bluterkrankungen<\/strong><\/p>\n\n\n\n<p>Prim\u00e4r kommen viele Patienten zur Abkl\u00e4rung von Blutbildver\u00e4nderungen oder von vergr\u00f6\u00dferten Lymphknoten zu uns. In den meisten F\u00e4llen bedeutet dies nicht, dass Krebs oder eine Leuk\u00e4mie vorliegt, sondern oft finden sich andere, nicht b\u00f6sartige Ursachen.<\/p>\n\n\n\n<p>Zur weiteren Abkl\u00e4rung der Ver\u00e4nderungen sind eine k\u00f6rperliche Untersuchung und eine ausf\u00fchrliche Blutuntersuchung n\u00f6tig, in vielen F\u00e4llen auch eine Ultraschalluntersuchung. Lassen sich auf diesem Wege die Ursachen nicht kl\u00e4ren, so wird oft eine Knochenmarkpunktion oder eine Lymphknotenentnahme n\u00f6tig.<\/p>\n\n\n\n<p>Das Spektrum der b\u00f6sartigen Erkrankungen, dass wir behandeln, umfasst vorrangig Lymphdr\u00fcsenkrebs und verschiedene Blutkrebsarten. Diese werden oft aus einer Kombination aus Chemotherapie und Antik\u00f6rpertherapie behandelt. Teils sind dies Infusionen, nicht selten aber auch Tabletten.<br>Nicht immer ist gleich solch eine Behandlung n\u00f6tig. Viele Erkrankungen verlaufen chronisch und k\u00f6nnen oft lange Zeit beobachtet werden.<\/p>\n\n\n\n<p>Neben den b\u00f6sartigen Erkrankungen behandeln wir auch eine Vielzahl gutartiger Bluterkrankungen, wie verschiedene Arten von Blutarmut, Immunkrankheiten und Eisenstoffwechselst\u00f6rungen.<\/p>\n\n\n\n<div style=\"height:100px\" aria-hidden=\"true\" class=\"wp-block-spacer\"><\/div>\n","protected":false},"excerpt":{"rendered":"<p>Diagnostik und Behandlung von Bluterkrankungen Prim\u00e4r kommen viele Patienten zur Abkl\u00e4rung von Blutbildver\u00e4nderungen oder von vergr\u00f6\u00dferten Lymphknoten zu uns. In den meisten F\u00e4llen bedeutet dies nicht, dass Krebs oder eine Leuk\u00e4mie vorliegt, sondern oft finden sich andere, nicht b\u00f6sartige Ursachen. Zur weiteren Abkl\u00e4rung der Ver\u00e4nderungen sind eine k\u00f6rperliche Untersuchung und eine ausf\u00fchrliche Blutuntersuchung n\u00f6tig, in [&hellip;]<\/p>\n","protected":false},"author":1,"featured_media":210,"parent":0,"menu_order":0,"comment_status":"closed","ping_status":"closed","template":"","meta":{"footnotes":""},"class_list":["post-23","page","type-page","status-publish","has-post-thumbnail","hentry"],"_links":{"self":[{"href":"https:\/\/onkologie-cottbus.de\/onkologie-haematologie-cottbus\/wp-json\/wp\/v2\/pages\/23","targetHints":{"allow":["GET"]}}],"collection":[{"href":"https:\/\/onkologie-cottbus.de\/onkologie-haematologie-cottbus\/wp-json\/wp\/v2\/pages"}],"about":[{"href":"https:\/\/onkologie-cottbus.de\/onkologie-haematologie-cottbus\/wp-json\/wp\/v2\/types\/page"}],"author":[{"embeddable":true,"href":"https:\/\/onkologie-cottbus.de\/onkologie-haematologie-cottbus\/wp-json\/wp\/v2\/users\/1"}],"replies":[{"embeddable":true,"href":"https:\/\/onkologie-cottbus.de\/onkologie-haematologie-cottbus\/wp-json\/wp\/v2\/comments?post=23"}],"version-history":[{"count":3,"href":"https:\/\/onkologie-cottbus.de\/onkologie-haematologie-cottbus\/wp-json\/wp\/v2\/pages\/23\/revisions"}],"predecessor-version":[{"id":348,"href":"https:\/\/onkologie-cottbus.de\/onkologie-haematologie-cottbus\/wp-json\/wp\/v2\/pages\/23\/revisions\/348"}],"wp:featuredmedia":[{"embeddable":true,"href":"https:\/\/onkologie-cottbus.de\/onkologie-haematologie-cottbus\/wp-json\/wp\/v2\/media\/210"}],"wp:attachment":[{"href":"https:\/\/onkologie-cottbus.de\/onkologie-haematologie-cottbus\/wp-json\/wp\/v2\/media?parent=23"}],"curies":[{"name":"wp","href":"https:\/\/api.w.org\/{rel}","templated":true}]}}