{"id":25,"date":"2023-11-21T20:58:31","date_gmt":"2023-11-21T19:58:31","guid":{"rendered":"https:\/\/onkologie-cottbus.de\/onkologie-haematologie-cottbus\/?page_id=25"},"modified":"2024-02-04T18:16:48","modified_gmt":"2024-02-04T17:16:48","slug":"onkologie-2","status":"publish","type":"page","link":"https:\/\/onkologie-cottbus.de\/onkologie-haematologie-cottbus\/onkologie-2\/","title":{"rendered":"Onkologie"},"content":{"rendered":"\n<p><strong>Diagnostik <\/strong>und <strong>Behandlung <\/strong>von <strong>Krebserkrankungen<\/strong><\/p>\n\n\n\n<p>Die Therapiem\u00f6glichkeiten haben sich in den letzten Jahren erweitert und verbessert. Die Optionen bestehen abh\u00e4ngig von der Krebsart und dem Stadium aus<\/p>\n\n\n\n<ul class=\"wp-block-list\">\n<li>Operation<\/li>\n\n\n\n<li>Bestrahlung<\/li>\n\n\n\n<li>Chemotherapie (oder besser systemische Therapie, denn h\u00e4ufig kommen auch andere Medikamente zum Einsatz)<\/li>\n<\/ul>\n\n\n\n<p>In vielen F\u00e4llen ist die Behandlung multimodal. Dass bedeutet, dass sowohl Chirurgie und Chemotherapie oder Bestrahlung zum Einsatz kommen in einer vorher festgelegten Reihenfolge. Die beteiligten Fachdisziplinen planen vor der Therapie die Behandlungsstrategie in einer Tumorkonferenz.<\/p>\n\n\n\n<p>Je nach Erkrankungsstadium ist die Strategie auf Heilung ausgerichtet (kurativ) oder auf Lebensverl\u00e4ngerung (palliativ).<\/p>\n\n\n\n<p>Sollte eine systemische Therapie erforderlich sein, kommen je nach Krebstyp zur Anwendung.<\/p>\n\n\n\n<ul class=\"wp-block-list\">\n<li>Chemotherapie (Zytostatika)<\/li>\n\n\n\n<li>Antik\u00f6rper<\/li>\n\n\n\n<li>zielgerichtete Therapien in Tablettenform (z. B. sogenannte Tyrosinkinasehemmer)<\/li>\n\n\n\n<li>Immuntherapien (z. B. sogenannte Checkpointinhibitoren)<\/li>\n<\/ul>\n\n\n\n<p>Besonders spezialisiert haben wir uns auf die Behandlung von Darmkrebs, Bauchspeicheldr\u00fcsenkrebs, Gallengangskrebs, Magenkrebs, Brustkrebs, Speiser\u00f6hrenkrebs und neuroendokrine Tumoren.<\/p>\n\n\n\n<p>Neben der Behandlung von Krebserkrankungen bieten wir insbesondere bei Risikopatienten eine onkologische Nachsorge an.<\/p>\n\n\n\n<div style=\"height:100px\" aria-hidden=\"true\" class=\"wp-block-spacer\"><\/div>\n","protected":false},"excerpt":{"rendered":"<p>Diagnostik und Behandlung von Krebserkrankungen Die Therapiem\u00f6glichkeiten haben sich in den letzten Jahren erweitert und verbessert. Die Optionen bestehen abh\u00e4ngig von der Krebsart und dem Stadium aus In vielen F\u00e4llen ist die Behandlung multimodal. Dass bedeutet, dass sowohl Chirurgie und Chemotherapie oder Bestrahlung zum Einsatz kommen in einer vorher festgelegten Reihenfolge. Die beteiligten Fachdisziplinen planen [&hellip;]<\/p>\n","protected":false},"author":1,"featured_media":223,"parent":0,"menu_order":0,"comment_status":"closed","ping_status":"closed","template":"","meta":{"footnotes":""},"class_list":["post-25","page","type-page","status-publish","has-post-thumbnail","hentry"],"_links":{"self":[{"href":"https:\/\/onkologie-cottbus.de\/onkologie-haematologie-cottbus\/wp-json\/wp\/v2\/pages\/25","targetHints":{"allow":["GET"]}}],"collection":[{"href":"https:\/\/onkologie-cottbus.de\/onkologie-haematologie-cottbus\/wp-json\/wp\/v2\/pages"}],"about":[{"href":"https:\/\/onkologie-cottbus.de\/onkologie-haematologie-cottbus\/wp-json\/wp\/v2\/types\/page"}],"author":[{"embeddable":true,"href":"https:\/\/onkologie-cottbus.de\/onkologie-haematologie-cottbus\/wp-json\/wp\/v2\/users\/1"}],"replies":[{"embeddable":true,"href":"https:\/\/onkologie-cottbus.de\/onkologie-haematologie-cottbus\/wp-json\/wp\/v2\/comments?post=25"}],"version-history":[{"count":3,"href":"https:\/\/onkologie-cottbus.de\/onkologie-haematologie-cottbus\/wp-json\/wp\/v2\/pages\/25\/revisions"}],"predecessor-version":[{"id":346,"href":"https:\/\/onkologie-cottbus.de\/onkologie-haematologie-cottbus\/wp-json\/wp\/v2\/pages\/25\/revisions\/346"}],"wp:featuredmedia":[{"embeddable":true,"href":"https:\/\/onkologie-cottbus.de\/onkologie-haematologie-cottbus\/wp-json\/wp\/v2\/media\/223"}],"wp:attachment":[{"href":"https:\/\/onkologie-cottbus.de\/onkologie-haematologie-cottbus\/wp-json\/wp\/v2\/media?parent=25"}],"curies":[{"name":"wp","href":"https:\/\/api.w.org\/{rel}","templated":true}]}}