{"id":27,"date":"2023-11-21T21:02:10","date_gmt":"2023-11-21T20:02:10","guid":{"rendered":"https:\/\/onkologie-cottbus.de\/onkologie-haematologie-cottbus\/?page_id=27"},"modified":"2024-02-04T18:22:12","modified_gmt":"2024-02-04T17:22:12","slug":"untersuchungen","status":"publish","type":"page","link":"https:\/\/onkologie-cottbus.de\/onkologie-haematologie-cottbus\/untersuchungen\/","title":{"rendered":"Untersuchungen"},"content":{"rendered":"\n<h3 class=\"wp-block-heading\">Blutuntersuchungen<\/h3>\n\n\n\n<p>Blutbild, Elektrolyte, Leber-, Nieren und Bauchspeicheldr\u00fcsenwerte, Entz\u00fcndungsparameter, Herzparameter, Schilddr\u00fcsenwerte, Test auf Blut im Stuhl, Tumormarker, Hormonwerte und weitere Parameter (in Zusammenarbeit mit dem MVZ Gemeinschaftslabor Cottbus) kapill\u00e4res Blutbild, Entnahme durch kleinen Einstich am Finger, die Auswertung erfolgt vor Ort mit Sofortergebnis<\/p>\n\n\n\n<hr class=\"wp-block-separator has-alpha-channel-opacity is-style-dots\"\/>\n\n\n\n<h3 class=\"wp-block-heading\">Mikrobiologie<\/h3>\n\n\n\n<p>Untersuchungen des Blutes auf verschiedene Antik\u00f6rper, Corona- PCR- Test und Corona- Schnelltest, Untersuchung von Atemwegsmaterial (Sputum), Rachenabstriche, Stuhluntersuchungen, Blutkulturen<br>(in Zusammenarbeit mit dem MVZ Gemeinschaftslabor Cottbus)<\/p>\n\n\n\n<hr class=\"wp-block-separator has-alpha-channel-opacity is-style-dots\"\/>\n\n\n\n<h3 class=\"wp-block-heading\">EKG<\/h3>\n\n\n\n<hr class=\"wp-block-separator has-alpha-channel-opacity is-style-dots\"\/>\n\n\n\n<h3 class=\"wp-block-heading\">Ultraschalluntersuchungen<\/h3>\n\n\n\n<p>des Bauchraumes, des Brustkorbes und der Lymphknoten<\/p>\n\n\n\n<hr class=\"wp-block-separator has-alpha-channel-opacity is-style-dots\"\/>\n\n\n\n<h3 class=\"wp-block-heading\">Knochenmarkpunktionen<\/h3>\n\n\n\n<p>Die Entnahme von Knochenmark f\u00fchren wir in unserer Praxis durch.<br>Das Material wird je nach Indikation zytologisch, durchflu\u00dfzytometrisch, histologisch und zytogenetisch untersucht.<br>Daf\u00fcr werden die gewonnenen Proben an Speziallabore versendet.<\/p>\n\n\n\n<hr class=\"wp-block-separator has-alpha-channel-opacity is-style-dots\"\/>\n\n\n\n<h3 class=\"wp-block-heading\">Ascitespunktionen<\/h3>\n\n\n\n<p>Punktion der Bauchh\u00f6hle bei Fl\u00fcssigkeitsansammlungen zur Entlastung und zur Diagnostik<\/p>\n\n\n\n<hr class=\"wp-block-separator has-alpha-channel-opacity is-style-dots\"\/>\n\n\n\n<h3 class=\"wp-block-heading\">R\u00f6ntgen, Computertomographie (CT) und Magnetresonanztomographie (MRT)<\/h3>\n\n\n\n<p>diese Untersuchungen werden h\u00e4ufig mehrfach zur Untersuchung der Ausbreitung der Erkrankung und zur Kontrolle des Therapieerfolges n\u00f6tig.<br>Dazu \u00fcberweisen wir sie, falls erforderlich, in eine heimatnahe radiologische Praxis<\/p>\n\n\n\n<hr class=\"wp-block-separator has-alpha-channel-opacity is-style-dots\"\/>\n\n\n\n<h3 class=\"wp-block-heading\">nuklearmedizinische Untersuchungen (Szintigraphie und Positronenemissionstomographie)<\/h3>\n\n\n\n<p>Auch diese Untersuchungen dienen in manchen F\u00e4llen der Ausbreitungsuntersuchung bei Krebserkrankungen. Auch hierzu \u00fcberweisen wir sie an eine nuklearmedizinische Einrichtung, in der Regel am CTK Cottbus.<\/p>\n\n\n\n<div style=\"height:100px\" aria-hidden=\"true\" class=\"wp-block-spacer\"><\/div>\n","protected":false},"excerpt":{"rendered":"<p>Blutuntersuchungen Blutbild, Elektrolyte, Leber-, Nieren und Bauchspeicheldr\u00fcsenwerte, Entz\u00fcndungsparameter, Herzparameter, Schilddr\u00fcsenwerte, Test auf Blut im Stuhl, Tumormarker, Hormonwerte und weitere Parameter (in Zusammenarbeit mit dem MVZ Gemeinschaftslabor Cottbus) kapill\u00e4res Blutbild, Entnahme durch kleinen Einstich am Finger, die Auswertung erfolgt vor Ort mit Sofortergebnis Mikrobiologie Untersuchungen des Blutes auf verschiedene Antik\u00f6rper, Corona- PCR- Test und Corona- Schnelltest, [&hellip;]<\/p>\n","protected":false},"author":1,"featured_media":211,"parent":0,"menu_order":0,"comment_status":"closed","ping_status":"closed","template":"","meta":{"footnotes":""},"class_list":["post-27","page","type-page","status-publish","has-post-thumbnail","hentry"],"_links":{"self":[{"href":"https:\/\/onkologie-cottbus.de\/onkologie-haematologie-cottbus\/wp-json\/wp\/v2\/pages\/27","targetHints":{"allow":["GET"]}}],"collection":[{"href":"https:\/\/onkologie-cottbus.de\/onkologie-haematologie-cottbus\/wp-json\/wp\/v2\/pages"}],"about":[{"href":"https:\/\/onkologie-cottbus.de\/onkologie-haematologie-cottbus\/wp-json\/wp\/v2\/types\/page"}],"author":[{"embeddable":true,"href":"https:\/\/onkologie-cottbus.de\/onkologie-haematologie-cottbus\/wp-json\/wp\/v2\/users\/1"}],"replies":[{"embeddable":true,"href":"https:\/\/onkologie-cottbus.de\/onkologie-haematologie-cottbus\/wp-json\/wp\/v2\/comments?post=27"}],"version-history":[{"count":8,"href":"https:\/\/onkologie-cottbus.de\/onkologie-haematologie-cottbus\/wp-json\/wp\/v2\/pages\/27\/revisions"}],"predecessor-version":[{"id":352,"href":"https:\/\/onkologie-cottbus.de\/onkologie-haematologie-cottbus\/wp-json\/wp\/v2\/pages\/27\/revisions\/352"}],"wp:featuredmedia":[{"embeddable":true,"href":"https:\/\/onkologie-cottbus.de\/onkologie-haematologie-cottbus\/wp-json\/wp\/v2\/media\/211"}],"wp:attachment":[{"href":"https:\/\/onkologie-cottbus.de\/onkologie-haematologie-cottbus\/wp-json\/wp\/v2\/media?parent=27"}],"curies":[{"name":"wp","href":"https:\/\/api.w.org\/{rel}","templated":true}]}}