{"id":29,"date":"2023-11-21T21:03:24","date_gmt":"2023-11-21T20:03:24","guid":{"rendered":"https:\/\/onkologie-cottbus.de\/onkologie-haematologie-cottbus\/?page_id=29"},"modified":"2024-01-29T17:56:29","modified_gmt":"2024-01-29T16:56:29","slug":"therapien","status":"publish","type":"page","link":"https:\/\/onkologie-cottbus.de\/onkologie-haematologie-cottbus\/therapien\/","title":{"rendered":"Therapien"},"content":{"rendered":"\n<p>Wir f\u00fchren die unterschiedlichsten Formen von medikament\u00f6ser Krebstherapie und unterst\u00fctzender Therapien durch. Die einzelnen Therapieformen werden unter dem Button Therapien gesondert erl\u00e4utert.<\/p>\n\n\n\n<div style=\"height:100px\" aria-hidden=\"true\" class=\"wp-block-spacer\"><\/div>\n","protected":false},"excerpt":{"rendered":"<p>Wir f\u00fchren die unterschiedlichsten Formen von medikament\u00f6ser Krebstherapie und unterst\u00fctzender Therapien durch. Die einzelnen Therapieformen werden unter dem Button Therapien gesondert erl\u00e4utert.<\/p>\n","protected":false},"author":1,"featured_media":231,"parent":0,"menu_order":0,"comment_status":"closed","ping_status":"closed","template":"","meta":{"footnotes":""},"class_list":["post-29","page","type-page","status-publish","has-post-thumbnail","hentry"],"_links":{"self":[{"href":"https:\/\/onkologie-cottbus.de\/onkologie-haematologie-cottbus\/wp-json\/wp\/v2\/pages\/29","targetHints":{"allow":["GET"]}}],"collection":[{"href":"https:\/\/onkologie-cottbus.de\/onkologie-haematologie-cottbus\/wp-json\/wp\/v2\/pages"}],"about":[{"href":"https:\/\/onkologie-cottbus.de\/onkologie-haematologie-cottbus\/wp-json\/wp\/v2\/types\/page"}],"author":[{"embeddable":true,"href":"https:\/\/onkologie-cottbus.de\/onkologie-haematologie-cottbus\/wp-json\/wp\/v2\/users\/1"}],"replies":[{"embeddable":true,"href":"https:\/\/onkologie-cottbus.de\/onkologie-haematologie-cottbus\/wp-json\/wp\/v2\/comments?post=29"}],"version-history":[{"count":2,"href":"https:\/\/onkologie-cottbus.de\/onkologie-haematologie-cottbus\/wp-json\/wp\/v2\/pages\/29\/revisions"}],"predecessor-version":[{"id":304,"href":"https:\/\/onkologie-cottbus.de\/onkologie-haematologie-cottbus\/wp-json\/wp\/v2\/pages\/29\/revisions\/304"}],"wp:featuredmedia":[{"embeddable":true,"href":"https:\/\/onkologie-cottbus.de\/onkologie-haematologie-cottbus\/wp-json\/wp\/v2\/media\/231"}],"wp:attachment":[{"href":"https:\/\/onkologie-cottbus.de\/onkologie-haematologie-cottbus\/wp-json\/wp\/v2\/media?parent=29"}],"curies":[{"name":"wp","href":"https:\/\/api.w.org\/{rel}","templated":true}]}}