{"id":31,"date":"2023-11-21T21:04:22","date_gmt":"2023-11-21T20:04:22","guid":{"rendered":"https:\/\/onkologie-cottbus.de\/onkologie-haematologie-cottbus\/?page_id=31"},"modified":"2024-01-29T17:58:37","modified_gmt":"2024-01-29T16:58:37","slug":"allgemeines","status":"publish","type":"page","link":"https:\/\/onkologie-cottbus.de\/onkologie-haematologie-cottbus\/allgemeines\/","title":{"rendered":"Allgemeines"},"content":{"rendered":"\n<p>Die <strong>Behandlung <\/strong>von <strong>Krebserkrankungen <\/strong>umfasst <strong>3<\/strong> <strong>Haupts\u00e4ulen<\/strong>: die <strong>operative Therapie<\/strong>, die <strong>Bestrahlung <\/strong>und die <strong>medikament\u00f6se Therapie<\/strong>.<br>Bei einigen Krebserkrankungen besteht die Behandlung in einer Kombination aus zwei oder drei dieser Therapieverfahren.<br>Einige b\u00f6sartige Erkrankungen m\u00fcssen nicht sofort behandelt werden, sondern k\u00f6nnen manchmal im Anfangsstadium lange Zeit beobachtet werden.<br><br>Ist eine Chemotherapie n\u00f6tig, muss dass nicht immer eine Zystostatikabehandlung sein, sondern es gibt mittlerweile eine Vielzahl anderer Substanzgruppen.<br>Deshalb bezeichnen wir diese Behandlung als systemische oder medikament\u00f6se Therapie.<\/p>\n\n\n\n<p>Die einzelnen Formen der systemischen Therapien werden gesondert erkl\u00e4rt.<\/p>\n\n\n\n<div style=\"height:100px\" aria-hidden=\"true\" class=\"wp-block-spacer\"><\/div>\n","protected":false},"excerpt":{"rendered":"<p>Die Behandlung von Krebserkrankungen umfasst 3 Haupts\u00e4ulen: die operative Therapie, die Bestrahlung und die medikament\u00f6se Therapie.Bei einigen Krebserkrankungen besteht die Behandlung in einer Kombination aus zwei oder drei dieser Therapieverfahren.Einige b\u00f6sartige Erkrankungen m\u00fcssen nicht sofort behandelt werden, sondern k\u00f6nnen manchmal im Anfangsstadium lange Zeit beobachtet werden. Ist eine Chemotherapie n\u00f6tig, muss dass nicht immer eine [&hellip;]<\/p>\n","protected":false},"author":1,"featured_media":229,"parent":0,"menu_order":0,"comment_status":"closed","ping_status":"closed","template":"","meta":{"footnotes":""},"class_list":["post-31","page","type-page","status-publish","has-post-thumbnail","hentry"],"_links":{"self":[{"href":"https:\/\/onkologie-cottbus.de\/onkologie-haematologie-cottbus\/wp-json\/wp\/v2\/pages\/31","targetHints":{"allow":["GET"]}}],"collection":[{"href":"https:\/\/onkologie-cottbus.de\/onkologie-haematologie-cottbus\/wp-json\/wp\/v2\/pages"}],"about":[{"href":"https:\/\/onkologie-cottbus.de\/onkologie-haematologie-cottbus\/wp-json\/wp\/v2\/types\/page"}],"author":[{"embeddable":true,"href":"https:\/\/onkologie-cottbus.de\/onkologie-haematologie-cottbus\/wp-json\/wp\/v2\/users\/1"}],"replies":[{"embeddable":true,"href":"https:\/\/onkologie-cottbus.de\/onkologie-haematologie-cottbus\/wp-json\/wp\/v2\/comments?post=31"}],"version-history":[{"count":2,"href":"https:\/\/onkologie-cottbus.de\/onkologie-haematologie-cottbus\/wp-json\/wp\/v2\/pages\/31\/revisions"}],"predecessor-version":[{"id":308,"href":"https:\/\/onkologie-cottbus.de\/onkologie-haematologie-cottbus\/wp-json\/wp\/v2\/pages\/31\/revisions\/308"}],"wp:featuredmedia":[{"embeddable":true,"href":"https:\/\/onkologie-cottbus.de\/onkologie-haematologie-cottbus\/wp-json\/wp\/v2\/media\/229"}],"wp:attachment":[{"href":"https:\/\/onkologie-cottbus.de\/onkologie-haematologie-cottbus\/wp-json\/wp\/v2\/media?parent=31"}],"curies":[{"name":"wp","href":"https:\/\/api.w.org\/{rel}","templated":true}]}}