{"id":33,"date":"2023-11-21T21:04:50","date_gmt":"2023-11-21T20:04:50","guid":{"rendered":"https:\/\/onkologie-cottbus.de\/onkologie-haematologie-cottbus\/?page_id=33"},"modified":"2024-02-04T18:23:10","modified_gmt":"2024-02-04T17:23:10","slug":"zytostatika","status":"publish","type":"page","link":"https:\/\/onkologie-cottbus.de\/onkologie-haematologie-cottbus\/zytostatika\/","title":{"rendered":"Zytostatika"},"content":{"rendered":"\n<p>Es handelt sich bei diesen Substanzen um Zellgifte, die insbesondere schnell wachsende Zellen (also Tumorzellen) in ihrem Wachstum verlangsamen oder stoppen. Dies bedingt auch die Nebenwirkungen der Zytostatika, da auch gesunde K\u00f6rperzellen wie zum Beispiel Knochenmarkzellen, Schleimhautzellen oder Haarfollikel zu den schnell wachsenden Zellen geh\u00f6ren.<\/p>\n\n\n\n<p>In der Regel betreffen die meisten Nebenwirkungen die Blutbildung und die Schleimh\u00e4ute. Haarausfall ist nicht bei jedem Chemotherapieprotokoll zu erwarten. Das zu erwartende Nebenwirkungsspektrum wird vor Beginn einer Chemotherapie im Aufkl\u00e4rungsgespr\u00e4ch mit dem Arzt genau erl\u00e4utert.<\/p>\n\n\n\n<p>Meist werden die Zytostatika in Form einer Infusion verabreicht, was je nach Substanz wenige Minuten bis zu mehreren Stunden dauern kann. Zuvor werden Medikamente verabreicht, die Nebenwirkungen wie zum Beispiel \u00dcbelkeit wirksam verhindern.<\/p>\n\n\n\n<p>Die Infusion erfolgt \u00fcber einen Zugang (Flex\u00fcle) in eine Armvene oder einen Port.<\/p>\n\n\n\n<p>Die Infusionen werden in bestimmten definierten Abst\u00e4nden (Zyklen) verabreicht, wobei die Abst\u00e4nde meist zwischen einmal pro Woche bis zu aller 4 Wochen liegen. Je nach Chemotherapie- Schema erfolgen die Infusionen auch an mehreren aufeinanderfolgenden Tagen.<\/p>\n\n\n\n<div style=\"height:100px\" aria-hidden=\"true\" class=\"wp-block-spacer\"><\/div>\n","protected":false},"excerpt":{"rendered":"<p>Es handelt sich bei diesen Substanzen um Zellgifte, die insbesondere schnell wachsende Zellen (also Tumorzellen) in ihrem Wachstum verlangsamen oder stoppen. Dies bedingt auch die Nebenwirkungen der Zytostatika, da auch gesunde K\u00f6rperzellen wie zum Beispiel Knochenmarkzellen, Schleimhautzellen oder Haarfollikel zu den schnell wachsenden Zellen geh\u00f6ren. In der Regel betreffen die meisten Nebenwirkungen die Blutbildung und [&hellip;]<\/p>\n","protected":false},"author":1,"featured_media":227,"parent":0,"menu_order":0,"comment_status":"closed","ping_status":"closed","template":"","meta":{"footnotes":""},"class_list":["post-33","page","type-page","status-publish","has-post-thumbnail","hentry"],"_links":{"self":[{"href":"https:\/\/onkologie-cottbus.de\/onkologie-haematologie-cottbus\/wp-json\/wp\/v2\/pages\/33","targetHints":{"allow":["GET"]}}],"collection":[{"href":"https:\/\/onkologie-cottbus.de\/onkologie-haematologie-cottbus\/wp-json\/wp\/v2\/pages"}],"about":[{"href":"https:\/\/onkologie-cottbus.de\/onkologie-haematologie-cottbus\/wp-json\/wp\/v2\/types\/page"}],"author":[{"embeddable":true,"href":"https:\/\/onkologie-cottbus.de\/onkologie-haematologie-cottbus\/wp-json\/wp\/v2\/users\/1"}],"replies":[{"embeddable":true,"href":"https:\/\/onkologie-cottbus.de\/onkologie-haematologie-cottbus\/wp-json\/wp\/v2\/comments?post=33"}],"version-history":[{"count":3,"href":"https:\/\/onkologie-cottbus.de\/onkologie-haematologie-cottbus\/wp-json\/wp\/v2\/pages\/33\/revisions"}],"predecessor-version":[{"id":353,"href":"https:\/\/onkologie-cottbus.de\/onkologie-haematologie-cottbus\/wp-json\/wp\/v2\/pages\/33\/revisions\/353"}],"wp:featuredmedia":[{"embeddable":true,"href":"https:\/\/onkologie-cottbus.de\/onkologie-haematologie-cottbus\/wp-json\/wp\/v2\/media\/227"}],"wp:attachment":[{"href":"https:\/\/onkologie-cottbus.de\/onkologie-haematologie-cottbus\/wp-json\/wp\/v2\/media?parent=33"}],"curies":[{"name":"wp","href":"https:\/\/api.w.org\/{rel}","templated":true}]}}