{"id":35,"date":"2023-11-21T21:06:04","date_gmt":"2023-11-21T20:06:04","guid":{"rendered":"https:\/\/onkologie-cottbus.de\/onkologie-haematologie-cottbus\/?page_id=35"},"modified":"2024-01-29T17:59:51","modified_gmt":"2024-01-29T16:59:51","slug":"zielgerichtete-therapie","status":"publish","type":"page","link":"https:\/\/onkologie-cottbus.de\/onkologie-haematologie-cottbus\/zielgerichtete-therapie\/","title":{"rendered":"Zielgerichtete Therapie"},"content":{"rendered":"\n<h3 class=\"wp-block-heading\">Kinasehemmer<\/h3>\n\n\n\n<p>Zielgerichtete Therapien greifen in Abl\u00e4ufe ein, die f\u00fcr das Krebswachstum wichtig sind. Zellwachstum und \u2013 vermehrung sind im K\u00f6rper normalerweise streng reguliert.<\/p>\n\n\n\n<ul class=\"wp-block-list\">\n<li>von au\u00dfen durch Botenstoffe (Wachstumsfaktoren)<\/li>\n\n\n\n<li>an der Zelloberfl\u00e4che oder im Zellinneren an Schaltstellen, an denen diese Botenstoffe binden (sogenannte Rezeptoren)<\/li>\n\n\n\n<li>diese Rezeptoren setzen in einer Signal\u00fcbertragungskette den Befehl zur Zellteilung in Gang oder schalten ihn aus.<\/li>\n<\/ul>\n\n\n\n<p>Diese Signal\u00fcbertragung kann bei Krebszellen an verschiedenen Stellen ver\u00e4ndert sein. Die schrittweise Signal\u00fcbertragung an und in der Zelle kann verschiedenen Punkten blockiert werden, oft auch an mehreren Stellen. Auch dies ist der Angriffspunkt verschiedener sogenannter Kinasehemmer.<\/p>\n\n\n\n<p>Diese Medikamente werden mittlerweile bei einer Vielzahl von Krebsarten und Leuk\u00e4mien verabreicht. Meist sind sie in Tablettenform erh\u00e4ltlich.<\/p>\n\n\n\n<p>Diese Medikamente haben ein spezielles Nebenwirkungsspektrum, dass der Arzt im Vorfeld mit Ihnen besprechen wird. Zur \u00dcberwachung von m\u00f6glichen Nebenwirkungen sind regelm\u00e4\u00dfige teils engmaschige Kontrollen in der Praxis erforderlich.<\/p>\n\n\n\n<h3 class=\"wp-block-heading\">Antik\u00f6rpertherapie<\/h3>\n\n\n\n<p>Eine andere Form der zielgerichteten Therapie umfasst sogenannte monoklonale Antik\u00f6rper. Diese Antik\u00f6rper binden ganz spezifisch an einen bestimmten Rezeptor auf der Zelloberfl\u00e4che nach dem Schl\u00fcssel- Schloss- Prinzip.<\/p>\n\n\n\n<p>Idealerweise handelt es sich bei diesem Rezeptor um einen f\u00fcr die Tumorzellen relativ charakteristisches Merkmal, weswegen die Wirkung auch entsprechend mehr oder weniger gezielt ist (je nach Verbreitung dieser Rezeptoren in anderen, gesunden K\u00f6rperzellen).<\/p>\n\n\n\n<p>Sie werden mittlerweile bei den unterschiedlichsten Krebsarten eingesetzt, teils in Kombination mit einer zytostatischen Chemotherapie, teils allein. Monoklonale Antik\u00f6rper kommen zum Teil auch in anderen Fachrichtungen, zum Beispiel in der Rheumatologie, zur Anwendung.<\/p>\n\n\n\n<div style=\"height:100px\" aria-hidden=\"true\" class=\"wp-block-spacer\"><\/div>\n","protected":false},"excerpt":{"rendered":"<p>Kinasehemmer Zielgerichtete Therapien greifen in Abl\u00e4ufe ein, die f\u00fcr das Krebswachstum wichtig sind. Zellwachstum und \u2013 vermehrung sind im K\u00f6rper normalerweise streng reguliert. Diese Signal\u00fcbertragung kann bei Krebszellen an verschiedenen Stellen ver\u00e4ndert sein. Die schrittweise Signal\u00fcbertragung an und in der Zelle kann verschiedenen Punkten blockiert werden, oft auch an mehreren Stellen. Auch dies ist der [&hellip;]<\/p>\n","protected":false},"author":1,"featured_media":206,"parent":0,"menu_order":0,"comment_status":"closed","ping_status":"closed","template":"","meta":{"footnotes":""},"class_list":["post-35","page","type-page","status-publish","has-post-thumbnail","hentry"],"_links":{"self":[{"href":"https:\/\/onkologie-cottbus.de\/onkologie-haematologie-cottbus\/wp-json\/wp\/v2\/pages\/35","targetHints":{"allow":["GET"]}}],"collection":[{"href":"https:\/\/onkologie-cottbus.de\/onkologie-haematologie-cottbus\/wp-json\/wp\/v2\/pages"}],"about":[{"href":"https:\/\/onkologie-cottbus.de\/onkologie-haematologie-cottbus\/wp-json\/wp\/v2\/types\/page"}],"author":[{"embeddable":true,"href":"https:\/\/onkologie-cottbus.de\/onkologie-haematologie-cottbus\/wp-json\/wp\/v2\/users\/1"}],"replies":[{"embeddable":true,"href":"https:\/\/onkologie-cottbus.de\/onkologie-haematologie-cottbus\/wp-json\/wp\/v2\/comments?post=35"}],"version-history":[{"count":2,"href":"https:\/\/onkologie-cottbus.de\/onkologie-haematologie-cottbus\/wp-json\/wp\/v2\/pages\/35\/revisions"}],"predecessor-version":[{"id":310,"href":"https:\/\/onkologie-cottbus.de\/onkologie-haematologie-cottbus\/wp-json\/wp\/v2\/pages\/35\/revisions\/310"}],"wp:featuredmedia":[{"embeddable":true,"href":"https:\/\/onkologie-cottbus.de\/onkologie-haematologie-cottbus\/wp-json\/wp\/v2\/media\/206"}],"wp:attachment":[{"href":"https:\/\/onkologie-cottbus.de\/onkologie-haematologie-cottbus\/wp-json\/wp\/v2\/media?parent=35"}],"curies":[{"name":"wp","href":"https:\/\/api.w.org\/{rel}","templated":true}]}}