{"id":37,"date":"2023-11-21T21:06:39","date_gmt":"2023-11-21T20:06:39","guid":{"rendered":"https:\/\/onkologie-cottbus.de\/onkologie-haematologie-cottbus\/?page_id=37"},"modified":"2024-02-04T18:24:03","modified_gmt":"2024-02-04T17:24:03","slug":"immuntherapie","status":"publish","type":"page","link":"https:\/\/onkologie-cottbus.de\/onkologie-haematologie-cottbus\/immuntherapie\/","title":{"rendered":"Immuntherapie"},"content":{"rendered":"\n<p>An erster Stelle sind hier die sogenannten Checkpoint-Inhibitoren zu nennen. Diese haben ein grunds\u00e4tzlich neuartiges Wirkprinzip.<\/p>\n\n\n\n<p>Anstelle selbst direkt den Tumor anzugreifen, wird die Steuerung der Immunantwort gegen die Tumoren beeinflusst, und zwar an den wichtigen Schaltsstellen, den Immuncheckpoints. Diese sorgen normalerweise daf\u00fcr, dass eine laufende Immunreaktion auch wieder beendet wird. Diese Kontrolle der Immunreaktion ist \u00e4u\u00dferst wichtig, um eine \u00fcberschie\u00dfende Immunreaktion oder eine Reaktion der T-Lymphozyten gegen das eigene Gewebe, eine sogenannte Autoimmunreaktion, zu verhindern.<\/p>\n\n\n\n<p>Diese \u201eBremse\u201c der Immunreaktion kann wiederum von Krebszellen \u201eausgenutzt\u201c werden, um der k\u00f6rpereigenen Immunantwort zu entgehen. Checkpoint- Inhibitoren schalten somit dass Immunsystem \u201escharf\u201c, so dass Krebszellen von T- Zellen als fremd erkannt und vernichtet werden.<\/p>\n\n\n\n<p>Dieses Wirkstoffprinzip kommt mittlerweile bei einer Vielzahl von Krebsarten zum Einsatz, entweder in Kombination mit einer Chemotherapie\/ Antik\u00f6rper oder allein.<\/p>\n\n\n\n<div style=\"height:100px\" aria-hidden=\"true\" class=\"wp-block-spacer\"><\/div>\n","protected":false},"excerpt":{"rendered":"<p>An erster Stelle sind hier die sogenannten Checkpoint-Inhibitoren zu nennen. Diese haben ein grunds\u00e4tzlich neuartiges Wirkprinzip. Anstelle selbst direkt den Tumor anzugreifen, wird die Steuerung der Immunantwort gegen die Tumoren beeinflusst, und zwar an den wichtigen Schaltsstellen, den Immuncheckpoints. Diese sorgen normalerweise daf\u00fcr, dass eine laufende Immunreaktion auch wieder beendet wird. Diese Kontrolle der Immunreaktion [&hellip;]<\/p>\n","protected":false},"author":1,"featured_media":178,"parent":0,"menu_order":0,"comment_status":"closed","ping_status":"closed","template":"","meta":{"footnotes":""},"class_list":["post-37","page","type-page","status-publish","has-post-thumbnail","hentry"],"_links":{"self":[{"href":"https:\/\/onkologie-cottbus.de\/onkologie-haematologie-cottbus\/wp-json\/wp\/v2\/pages\/37","targetHints":{"allow":["GET"]}}],"collection":[{"href":"https:\/\/onkologie-cottbus.de\/onkologie-haematologie-cottbus\/wp-json\/wp\/v2\/pages"}],"about":[{"href":"https:\/\/onkologie-cottbus.de\/onkologie-haematologie-cottbus\/wp-json\/wp\/v2\/types\/page"}],"author":[{"embeddable":true,"href":"https:\/\/onkologie-cottbus.de\/onkologie-haematologie-cottbus\/wp-json\/wp\/v2\/users\/1"}],"replies":[{"embeddable":true,"href":"https:\/\/onkologie-cottbus.de\/onkologie-haematologie-cottbus\/wp-json\/wp\/v2\/comments?post=37"}],"version-history":[{"count":3,"href":"https:\/\/onkologie-cottbus.de\/onkologie-haematologie-cottbus\/wp-json\/wp\/v2\/pages\/37\/revisions"}],"predecessor-version":[{"id":354,"href":"https:\/\/onkologie-cottbus.de\/onkologie-haematologie-cottbus\/wp-json\/wp\/v2\/pages\/37\/revisions\/354"}],"wp:featuredmedia":[{"embeddable":true,"href":"https:\/\/onkologie-cottbus.de\/onkologie-haematologie-cottbus\/wp-json\/wp\/v2\/media\/178"}],"wp:attachment":[{"href":"https:\/\/onkologie-cottbus.de\/onkologie-haematologie-cottbus\/wp-json\/wp\/v2\/media?parent=37"}],"curies":[{"name":"wp","href":"https:\/\/api.w.org\/{rel}","templated":true}]}}