{"id":41,"date":"2023-11-21T21:07:27","date_gmt":"2023-11-21T20:07:27","guid":{"rendered":"https:\/\/onkologie-cottbus.de\/onkologie-haematologie-cottbus\/?page_id=41"},"modified":"2024-01-29T18:01:55","modified_gmt":"2024-01-29T17:01:55","slug":"transfusionen","status":"publish","type":"page","link":"https:\/\/onkologie-cottbus.de\/onkologie-haematologie-cottbus\/transfusionen\/","title":{"rendered":"Transfusionen"},"content":{"rendered":"\n<p>Eine Anzahl chronischer h\u00e4matologischer Erkrankungen, insbesondere das Myelodysplastische Syndrom (MDS), aber auch chronische Leuk\u00e4mien oder die Myelofibrose gehen h\u00e4ufig mit einer Blutarmut (An\u00e4mie) einher.<br>Oft ist eine Transfusion von Erythrozytenkonzentraten (Bluttransfusion) in regelm\u00e4\u00dfigen Abst\u00e4nden n\u00f6tig, um diesen Mangel auszugleichen.<\/p>\n\n\n\n<p>In selteneren F\u00e4llen betrifft der Mangel auch die Blutpl\u00e4ttchen (Thrombocyten). Auch diese k\u00f6nnen in Form einer Transfusion verabreicht werden.<\/p>\n\n\n\n<p>Manchmal sind der Mangel an Blutpl\u00e4ttchen und roten Blutk\u00f6rperchen Folge einer Chemotherapie. In einigen F\u00e4llen (meist sind ambulante Chemotherapien nicht so stark) wird dann auch eine Transfusion notwendig.<\/p>\n\n\n\n<div style=\"height:100px\" aria-hidden=\"true\" class=\"wp-block-spacer\"><\/div>\n","protected":false},"excerpt":{"rendered":"<p>Eine Anzahl chronischer h\u00e4matologischer Erkrankungen, insbesondere das Myelodysplastische Syndrom (MDS), aber auch chronische Leuk\u00e4mien oder die Myelofibrose gehen h\u00e4ufig mit einer Blutarmut (An\u00e4mie) einher.Oft ist eine Transfusion von Erythrozytenkonzentraten (Bluttransfusion) in regelm\u00e4\u00dfigen Abst\u00e4nden n\u00f6tig, um diesen Mangel auszugleichen. In selteneren F\u00e4llen betrifft der Mangel auch die Blutpl\u00e4ttchen (Thrombocyten). Auch diese k\u00f6nnen in Form einer Transfusion [&hellip;]<\/p>\n","protected":false},"author":1,"featured_media":181,"parent":0,"menu_order":0,"comment_status":"closed","ping_status":"closed","template":"","meta":{"footnotes":""},"class_list":["post-41","page","type-page","status-publish","has-post-thumbnail","hentry"],"_links":{"self":[{"href":"https:\/\/onkologie-cottbus.de\/onkologie-haematologie-cottbus\/wp-json\/wp\/v2\/pages\/41","targetHints":{"allow":["GET"]}}],"collection":[{"href":"https:\/\/onkologie-cottbus.de\/onkologie-haematologie-cottbus\/wp-json\/wp\/v2\/pages"}],"about":[{"href":"https:\/\/onkologie-cottbus.de\/onkologie-haematologie-cottbus\/wp-json\/wp\/v2\/types\/page"}],"author":[{"embeddable":true,"href":"https:\/\/onkologie-cottbus.de\/onkologie-haematologie-cottbus\/wp-json\/wp\/v2\/users\/1"}],"replies":[{"embeddable":true,"href":"https:\/\/onkologie-cottbus.de\/onkologie-haematologie-cottbus\/wp-json\/wp\/v2\/comments?post=41"}],"version-history":[{"count":2,"href":"https:\/\/onkologie-cottbus.de\/onkologie-haematologie-cottbus\/wp-json\/wp\/v2\/pages\/41\/revisions"}],"predecessor-version":[{"id":313,"href":"https:\/\/onkologie-cottbus.de\/onkologie-haematologie-cottbus\/wp-json\/wp\/v2\/pages\/41\/revisions\/313"}],"wp:featuredmedia":[{"embeddable":true,"href":"https:\/\/onkologie-cottbus.de\/onkologie-haematologie-cottbus\/wp-json\/wp\/v2\/media\/181"}],"wp:attachment":[{"href":"https:\/\/onkologie-cottbus.de\/onkologie-haematologie-cottbus\/wp-json\/wp\/v2\/media?parent=41"}],"curies":[{"name":"wp","href":"https:\/\/api.w.org\/{rel}","templated":true}]}}