{"id":43,"date":"2023-11-21T21:08:16","date_gmt":"2023-11-21T20:08:16","guid":{"rendered":"https:\/\/onkologie-cottbus.de\/onkologie-haematologie-cottbus\/?page_id=43"},"modified":"2024-01-29T18:02:30","modified_gmt":"2024-01-29T17:02:30","slug":"haematopoetische-wachstumsfaktoren","status":"publish","type":"page","link":"https:\/\/onkologie-cottbus.de\/onkologie-haematologie-cottbus\/haematopoetische-wachstumsfaktoren\/","title":{"rendered":"H\u00e4matopoetische Wachstumsfaktoren"},"content":{"rendered":"\n<p>Hier handelt es sich um Wachstumsfaktoren, die die Blutbildung stimulieren. Die Verabreichung erfolgt in der Regel subcutan.<\/p>\n\n\n\n<p>Wachstumsfaktoren, die die Bildung der roten Blutk\u00f6rperchen unterst\u00fctzen (Erythropoetin- Analoga, EPO), werden zum Teil bei Erkrankungen mit chronischer An\u00e4mie eingesetzt, insbesondere beim MDS. Manchmal kommen sie auch w\u00e4hrend einer Chemotherapie zum Einsatz.<br>Das Medikament wird auch h\u00e4ufig bei schwer eingeschr\u00e4nkter Nierenfunktion angewendet, da dort die k\u00f6rpereigene Herstellung des f\u00fcr die Blutbildung wichtigen Hormons Erythropoetin (EPO) nicht ausreichend funktioniert. Ein weiteres, eher unbeabsichtigtes \u201eEinsatzgebiet\u201c stellt das Doping im Leistungssport dar.<\/p>\n\n\n\n<p>Wachstumsfaktoren, die die Bildung der wei\u00dfen Blutk\u00f6rperchen (Leukozyten) unterst\u00fctzen, sind der Granulozyten- Kolonie stimulierende Faktor (G-CSF). Leukozyten sind enorm wichtig f\u00fcr die Immunabwehr. Durch Chemotherapien kommt es regelm\u00e4\u00dfig zum vor\u00fcbergehenden Abfall der Leukozyten. Dieser kann manchmal schwergradig sein, so dass eine Gefahr f\u00fcr das Immunsystem besteht. In diesem Fall wird dieser Faktor zur Unterst\u00fctzung in Form einer Spritze t\u00e4glich verabreicht, bis sich die Werte gebessert haben.<\/p>\n\n\n\n<div style=\"height:100px\" aria-hidden=\"true\" class=\"wp-block-spacer\"><\/div>\n","protected":false},"excerpt":{"rendered":"<p>Hier handelt es sich um Wachstumsfaktoren, die die Blutbildung stimulieren. Die Verabreichung erfolgt in der Regel subcutan. Wachstumsfaktoren, die die Bildung der roten Blutk\u00f6rperchen unterst\u00fctzen (Erythropoetin- Analoga, EPO), werden zum Teil bei Erkrankungen mit chronischer An\u00e4mie eingesetzt, insbesondere beim MDS. Manchmal kommen sie auch w\u00e4hrend einer Chemotherapie zum Einsatz.Das Medikament wird auch h\u00e4ufig bei schwer [&hellip;]<\/p>\n","protected":false},"author":1,"featured_media":180,"parent":0,"menu_order":0,"comment_status":"closed","ping_status":"closed","template":"","meta":{"footnotes":""},"class_list":["post-43","page","type-page","status-publish","has-post-thumbnail","hentry"],"_links":{"self":[{"href":"https:\/\/onkologie-cottbus.de\/onkologie-haematologie-cottbus\/wp-json\/wp\/v2\/pages\/43","targetHints":{"allow":["GET"]}}],"collection":[{"href":"https:\/\/onkologie-cottbus.de\/onkologie-haematologie-cottbus\/wp-json\/wp\/v2\/pages"}],"about":[{"href":"https:\/\/onkologie-cottbus.de\/onkologie-haematologie-cottbus\/wp-json\/wp\/v2\/types\/page"}],"author":[{"embeddable":true,"href":"https:\/\/onkologie-cottbus.de\/onkologie-haematologie-cottbus\/wp-json\/wp\/v2\/users\/1"}],"replies":[{"embeddable":true,"href":"https:\/\/onkologie-cottbus.de\/onkologie-haematologie-cottbus\/wp-json\/wp\/v2\/comments?post=43"}],"version-history":[{"count":2,"href":"https:\/\/onkologie-cottbus.de\/onkologie-haematologie-cottbus\/wp-json\/wp\/v2\/pages\/43\/revisions"}],"predecessor-version":[{"id":314,"href":"https:\/\/onkologie-cottbus.de\/onkologie-haematologie-cottbus\/wp-json\/wp\/v2\/pages\/43\/revisions\/314"}],"wp:featuredmedia":[{"embeddable":true,"href":"https:\/\/onkologie-cottbus.de\/onkologie-haematologie-cottbus\/wp-json\/wp\/v2\/media\/180"}],"wp:attachment":[{"href":"https:\/\/onkologie-cottbus.de\/onkologie-haematologie-cottbus\/wp-json\/wp\/v2\/media?parent=43"}],"curies":[{"name":"wp","href":"https:\/\/api.w.org\/{rel}","templated":true}]}}