{"id":45,"date":"2023-11-21T21:08:46","date_gmt":"2023-11-21T20:08:46","guid":{"rendered":"https:\/\/onkologie-cottbus.de\/onkologie-haematologie-cottbus\/?page_id=45"},"modified":"2024-01-29T18:03:05","modified_gmt":"2024-01-29T17:03:05","slug":"immunglobuline","status":"publish","type":"page","link":"https:\/\/onkologie-cottbus.de\/onkologie-haematologie-cottbus\/immunglobuline\/","title":{"rendered":"Immunglobuline"},"content":{"rendered":"\n<p>Eine wichtige Funktion vor allem in der Abwehr bakterieller Infektionen haben die k\u00f6rpereigenen Immunglobuline (Antik\u00f6rper). Ein Mangel kann angeboren sein, aber auch erworben, teils durch eine meist h\u00e4matologische Grunderkrankung, wie zum Beispiel ein Lymphom, teils aber auch durch eine stark immunschw\u00e4chende Chemo\/ Antik\u00f6rpertherapie.<br>Dies muss nicht immer zu Symptomen f\u00fchren. Manche Patienten erleiden aber regelm\u00e4\u00dfige bakterielle Infekte, wie Bronchitis, Nasennebenh\u00f6hlenentz\u00fcndung, Harnwegsinfektionen, Lungenentz\u00fcndung oder Durchf\u00e4lle.<\/p>\n\n\n\n<p>In diesen F\u00e4llen bringt die regelm\u00e4\u00dfige Gabe von Immunglobulinen Linderung. Die Immunglobuline stammen von gesunden Spendern. Sie k\u00f6nnen intraven\u00f6s und subcutan verabreicht werden.<\/p>\n\n\n\n<div style=\"height:100px\" aria-hidden=\"true\" class=\"wp-block-spacer\"><\/div>\n","protected":false},"excerpt":{"rendered":"<p>Eine wichtige Funktion vor allem in der Abwehr bakterieller Infektionen haben die k\u00f6rpereigenen Immunglobuline (Antik\u00f6rper). Ein Mangel kann angeboren sein, aber auch erworben, teils durch eine meist h\u00e4matologische Grunderkrankung, wie zum Beispiel ein Lymphom, teils aber auch durch eine stark immunschw\u00e4chende Chemo\/ Antik\u00f6rpertherapie.Dies muss nicht immer zu Symptomen f\u00fchren. Manche Patienten erleiden aber regelm\u00e4\u00dfige bakterielle [&hellip;]<\/p>\n","protected":false},"author":1,"featured_media":183,"parent":0,"menu_order":0,"comment_status":"closed","ping_status":"closed","template":"","meta":{"footnotes":""},"class_list":["post-45","page","type-page","status-publish","has-post-thumbnail","hentry"],"_links":{"self":[{"href":"https:\/\/onkologie-cottbus.de\/onkologie-haematologie-cottbus\/wp-json\/wp\/v2\/pages\/45","targetHints":{"allow":["GET"]}}],"collection":[{"href":"https:\/\/onkologie-cottbus.de\/onkologie-haematologie-cottbus\/wp-json\/wp\/v2\/pages"}],"about":[{"href":"https:\/\/onkologie-cottbus.de\/onkologie-haematologie-cottbus\/wp-json\/wp\/v2\/types\/page"}],"author":[{"embeddable":true,"href":"https:\/\/onkologie-cottbus.de\/onkologie-haematologie-cottbus\/wp-json\/wp\/v2\/users\/1"}],"replies":[{"embeddable":true,"href":"https:\/\/onkologie-cottbus.de\/onkologie-haematologie-cottbus\/wp-json\/wp\/v2\/comments?post=45"}],"version-history":[{"count":2,"href":"https:\/\/onkologie-cottbus.de\/onkologie-haematologie-cottbus\/wp-json\/wp\/v2\/pages\/45\/revisions"}],"predecessor-version":[{"id":315,"href":"https:\/\/onkologie-cottbus.de\/onkologie-haematologie-cottbus\/wp-json\/wp\/v2\/pages\/45\/revisions\/315"}],"wp:featuredmedia":[{"embeddable":true,"href":"https:\/\/onkologie-cottbus.de\/onkologie-haematologie-cottbus\/wp-json\/wp\/v2\/media\/183"}],"wp:attachment":[{"href":"https:\/\/onkologie-cottbus.de\/onkologie-haematologie-cottbus\/wp-json\/wp\/v2\/media?parent=45"}],"curies":[{"name":"wp","href":"https:\/\/api.w.org\/{rel}","templated":true}]}}