{"id":47,"date":"2023-11-21T21:09:21","date_gmt":"2023-11-21T20:09:21","guid":{"rendered":"https:\/\/onkologie-cottbus.de\/onkologie-haematologie-cottbus\/?page_id=47"},"modified":"2024-01-29T18:03:53","modified_gmt":"2024-01-29T17:03:53","slug":"aderlaesse","status":"publish","type":"page","link":"https:\/\/onkologie-cottbus.de\/onkologie-haematologie-cottbus\/aderlaesse\/","title":{"rendered":"Aderl\u00e4sse"},"content":{"rendered":"\n<p>Auch diese \u201ealtert\u00fcmliche\u201c Therapiemethode hat bei ausgew\u00e4hlten Erkrankungen ihren festen Stellenwert. Mit einem Aderlass- System werden dem K\u00f6rper 500ml Blut entnommen, \u00e4hnlich wie bei einer Blutspende. Im Austausch werden 500ml Elektrolytl\u00f6sung infundiert.<\/p>\n\n\n\n<p>Dies kommt bei Krankheiten zum Einsatz, bei denen der K\u00f6rper zu viel rote Blutk\u00f6rperchen produziert, wie die Polycyth\u00e4mia vera (PV).<br>Eine andere Erkrankung, die H\u00e4mochromatose, geht mit einer krankhaften Eisenablagerung im K\u00f6rper einher. Auch wird mit einer regelm\u00e4\u00dfigen Aderlassbehandlung \u00fcber das Blut zus\u00e4tzlich das \u00fcbersch\u00fcssige Eisen entfernt.<\/p>\n\n\n\n<div style=\"height:100px\" aria-hidden=\"true\" class=\"wp-block-spacer\"><\/div>\n","protected":false},"excerpt":{"rendered":"<p>Auch diese \u201ealtert\u00fcmliche\u201c Therapiemethode hat bei ausgew\u00e4hlten Erkrankungen ihren festen Stellenwert. Mit einem Aderlass- System werden dem K\u00f6rper 500ml Blut entnommen, \u00e4hnlich wie bei einer Blutspende. Im Austausch werden 500ml Elektrolytl\u00f6sung infundiert. Dies kommt bei Krankheiten zum Einsatz, bei denen der K\u00f6rper zu viel rote Blutk\u00f6rperchen produziert, wie die Polycyth\u00e4mia vera (PV).Eine andere Erkrankung, die [&hellip;]<\/p>\n","protected":false},"author":1,"featured_media":208,"parent":0,"menu_order":0,"comment_status":"closed","ping_status":"closed","template":"","meta":{"footnotes":""},"class_list":["post-47","page","type-page","status-publish","has-post-thumbnail","hentry"],"_links":{"self":[{"href":"https:\/\/onkologie-cottbus.de\/onkologie-haematologie-cottbus\/wp-json\/wp\/v2\/pages\/47","targetHints":{"allow":["GET"]}}],"collection":[{"href":"https:\/\/onkologie-cottbus.de\/onkologie-haematologie-cottbus\/wp-json\/wp\/v2\/pages"}],"about":[{"href":"https:\/\/onkologie-cottbus.de\/onkologie-haematologie-cottbus\/wp-json\/wp\/v2\/types\/page"}],"author":[{"embeddable":true,"href":"https:\/\/onkologie-cottbus.de\/onkologie-haematologie-cottbus\/wp-json\/wp\/v2\/users\/1"}],"replies":[{"embeddable":true,"href":"https:\/\/onkologie-cottbus.de\/onkologie-haematologie-cottbus\/wp-json\/wp\/v2\/comments?post=47"}],"version-history":[{"count":2,"href":"https:\/\/onkologie-cottbus.de\/onkologie-haematologie-cottbus\/wp-json\/wp\/v2\/pages\/47\/revisions"}],"predecessor-version":[{"id":316,"href":"https:\/\/onkologie-cottbus.de\/onkologie-haematologie-cottbus\/wp-json\/wp\/v2\/pages\/47\/revisions\/316"}],"wp:featuredmedia":[{"embeddable":true,"href":"https:\/\/onkologie-cottbus.de\/onkologie-haematologie-cottbus\/wp-json\/wp\/v2\/media\/208"}],"wp:attachment":[{"href":"https:\/\/onkologie-cottbus.de\/onkologie-haematologie-cottbus\/wp-json\/wp\/v2\/media?parent=47"}],"curies":[{"name":"wp","href":"https:\/\/api.w.org\/{rel}","templated":true}]}}