{"id":49,"date":"2023-11-21T21:10:19","date_gmt":"2023-11-21T20:10:19","guid":{"rendered":"https:\/\/onkologie-cottbus.de\/onkologie-haematologie-cottbus\/?page_id=49"},"modified":"2024-02-04T18:24:31","modified_gmt":"2024-02-04T17:24:31","slug":"weitere-therapien","status":"publish","type":"page","link":"https:\/\/onkologie-cottbus.de\/onkologie-haematologie-cottbus\/weitere-therapien\/","title":{"rendered":"Weitere Therapien"},"content":{"rendered":"\n<p>Neben den obigen Therapien verabreichen wir auch regelm\u00e4\u00dfig Bisphosphonate, sogenannte Knochentr\u00f6pfe.<\/p>\n\n\n\n<p>Schwere Formen von Eisenmangelan\u00e4mien therapieren wir mit Eiseninfusionen. <\/p>\n\n\n\n<p>Portsp\u00fclungen: an dieser Stelle weisen wir darauf hin, dass regelm\u00e4\u00dfige Portsp\u00fclungen nicht erforderlich sind. Diese Empfehlung ist veraltet.<\/p>\n\n\n\n<div style=\"height:100px\" aria-hidden=\"true\" class=\"wp-block-spacer\"><\/div>\n","protected":false},"excerpt":{"rendered":"<p>Neben den obigen Therapien verabreichen wir auch regelm\u00e4\u00dfig Bisphosphonate, sogenannte Knochentr\u00f6pfe. Schwere Formen von Eisenmangelan\u00e4mien therapieren wir mit Eiseninfusionen. Portsp\u00fclungen: an dieser Stelle weisen wir darauf hin, dass regelm\u00e4\u00dfige Portsp\u00fclungen nicht erforderlich sind. Diese Empfehlung ist veraltet.<\/p>\n","protected":false},"author":1,"featured_media":217,"parent":0,"menu_order":0,"comment_status":"closed","ping_status":"closed","template":"","meta":{"footnotes":""},"class_list":["post-49","page","type-page","status-publish","has-post-thumbnail","hentry"],"_links":{"self":[{"href":"https:\/\/onkologie-cottbus.de\/onkologie-haematologie-cottbus\/wp-json\/wp\/v2\/pages\/49","targetHints":{"allow":["GET"]}}],"collection":[{"href":"https:\/\/onkologie-cottbus.de\/onkologie-haematologie-cottbus\/wp-json\/wp\/v2\/pages"}],"about":[{"href":"https:\/\/onkologie-cottbus.de\/onkologie-haematologie-cottbus\/wp-json\/wp\/v2\/types\/page"}],"author":[{"embeddable":true,"href":"https:\/\/onkologie-cottbus.de\/onkologie-haematologie-cottbus\/wp-json\/wp\/v2\/users\/1"}],"replies":[{"embeddable":true,"href":"https:\/\/onkologie-cottbus.de\/onkologie-haematologie-cottbus\/wp-json\/wp\/v2\/comments?post=49"}],"version-history":[{"count":3,"href":"https:\/\/onkologie-cottbus.de\/onkologie-haematologie-cottbus\/wp-json\/wp\/v2\/pages\/49\/revisions"}],"predecessor-version":[{"id":355,"href":"https:\/\/onkologie-cottbus.de\/onkologie-haematologie-cottbus\/wp-json\/wp\/v2\/pages\/49\/revisions\/355"}],"wp:featuredmedia":[{"embeddable":true,"href":"https:\/\/onkologie-cottbus.de\/onkologie-haematologie-cottbus\/wp-json\/wp\/v2\/media\/217"}],"wp:attachment":[{"href":"https:\/\/onkologie-cottbus.de\/onkologie-haematologie-cottbus\/wp-json\/wp\/v2\/media?parent=49"}],"curies":[{"name":"wp","href":"https:\/\/api.w.org\/{rel}","templated":true}]}}