{"id":51,"date":"2023-11-21T21:18:14","date_gmt":"2023-11-21T20:18:14","guid":{"rendered":"https:\/\/onkologie-cottbus.de\/onkologie-haematologie-cottbus\/?page_id=51"},"modified":"2024-02-06T20:21:51","modified_gmt":"2024-02-06T19:21:51","slug":"terminvereinbarung","status":"publish","type":"page","link":"https:\/\/onkologie-cottbus.de\/onkologie-haematologie-cottbus\/terminvereinbarung\/","title":{"rendered":"Terminvereinbarung"},"content":{"rendered":"\n<p>In der Regel erfolgt eine \u00dcberweisung durch den Hausarzt oder nach Zuweisung durch eine Klinik.<\/p>\n\n\n\n<p>Die Terminvergabe erfolgt grunds\u00e4tzlich durch den Arzt. Dieser muss zun\u00e4chst die Befunde sichten, um \u00fcber die Dringlichkeit zu entscheiden.<\/p>\n\n\n\n<p>Da wir ein hohes Patientenaufkommen haben, kann es in nicht dringenden F\u00e4llen zu Wartezeiten bis zu 3 Monaten kommen, sofern dies medizinisch vertretbar ist.<\/p>\n\n\n\n<p>Bitte haben Sie Verst\u00e4ndnis, dass die MitarbeiterIn an der Anmeldung nicht sofort einen Termin vergibt. Wir bitten bei Abgabe der \u00dcberweisung um Mitabgabe von Vorbefunden\/ Laborbefunden. Entweder k\u00f6nnen die Unterlagen direkt abgegeben werden oder uns per Email oder Fax zugestellt werden.<\/p>\n\n\n\n<p>Bitte zum ersten Termin folgendes mitbringen:<\/p>\n\n\n\n<ul class=\"wp-block-list\">\n<li>eventuell noch vorhandene Vorbefunde, Entlassungsbriefe von Krankenhaus und ggf. CDs mit CT- oder MRT- aufnahmen<\/li>\n\n\n\n<li><strong>MEDIKAMENTENLISTE<\/strong><\/li>\n\n\n\n<li>ev. auch eine Liste der Allergien<\/li>\n\n\n\n<li>Chipkarte<\/li>\n<\/ul>\n\n\n\n<p>In der Regel erfolgt eine Blutabnahme und k\u00f6rperliche Untersuchung. Sie brauchen NICHT n\u00fcchtern zu sein.<\/p>\n\n\n\n<blockquote class=\"wp-block-quote is-layout-flow wp-block-quote-is-layout-flow\">\n<p><a href=\"https:\/\/onkologie-cottbus.de\/onkologie-haematologie-cottbus\/wp-content\/uploads\/2024\/02\/Terminvereinbarung.pdf\" target=\"_blank\" rel=\"noreferrer noopener\">Hier finden Sie nochmal alle Hinweise zum Herunterladen.<\/a><\/p>\n<\/blockquote>\n\n\n\n<div style=\"height:100px\" aria-hidden=\"true\" class=\"wp-block-spacer\"><\/div>\n","protected":false},"excerpt":{"rendered":"<p>In der Regel erfolgt eine \u00dcberweisung durch den Hausarzt oder nach Zuweisung durch eine Klinik. Die Terminvergabe erfolgt grunds\u00e4tzlich durch den Arzt. Dieser muss zun\u00e4chst die Befunde sichten, um \u00fcber die Dringlichkeit zu entscheiden. Da wir ein hohes Patientenaufkommen haben, kann es in nicht dringenden F\u00e4llen zu Wartezeiten bis zu 3 Monaten kommen, sofern dies [&hellip;]<\/p>\n","protected":false},"author":1,"featured_media":198,"parent":0,"menu_order":0,"comment_status":"closed","ping_status":"closed","template":"","meta":{"footnotes":""},"class_list":["post-51","page","type-page","status-publish","has-post-thumbnail","hentry"],"_links":{"self":[{"href":"https:\/\/onkologie-cottbus.de\/onkologie-haematologie-cottbus\/wp-json\/wp\/v2\/pages\/51","targetHints":{"allow":["GET"]}}],"collection":[{"href":"https:\/\/onkologie-cottbus.de\/onkologie-haematologie-cottbus\/wp-json\/wp\/v2\/pages"}],"about":[{"href":"https:\/\/onkologie-cottbus.de\/onkologie-haematologie-cottbus\/wp-json\/wp\/v2\/types\/page"}],"author":[{"embeddable":true,"href":"https:\/\/onkologie-cottbus.de\/onkologie-haematologie-cottbus\/wp-json\/wp\/v2\/users\/1"}],"replies":[{"embeddable":true,"href":"https:\/\/onkologie-cottbus.de\/onkologie-haematologie-cottbus\/wp-json\/wp\/v2\/comments?post=51"}],"version-history":[{"count":3,"href":"https:\/\/onkologie-cottbus.de\/onkologie-haematologie-cottbus\/wp-json\/wp\/v2\/pages\/51\/revisions"}],"predecessor-version":[{"id":389,"href":"https:\/\/onkologie-cottbus.de\/onkologie-haematologie-cottbus\/wp-json\/wp\/v2\/pages\/51\/revisions\/389"}],"wp:featuredmedia":[{"embeddable":true,"href":"https:\/\/onkologie-cottbus.de\/onkologie-haematologie-cottbus\/wp-json\/wp\/v2\/media\/198"}],"wp:attachment":[{"href":"https:\/\/onkologie-cottbus.de\/onkologie-haematologie-cottbus\/wp-json\/wp\/v2\/media?parent=51"}],"curies":[{"name":"wp","href":"https:\/\/api.w.org\/{rel}","templated":true}]}}