{"id":53,"date":"2023-11-21T21:18:52","date_gmt":"2023-11-21T20:18:52","guid":{"rendered":"https:\/\/onkologie-cottbus.de\/onkologie-haematologie-cottbus\/?page_id=53"},"modified":"2024-02-06T20:20:38","modified_gmt":"2024-02-06T19:20:38","slug":"termin-zur-sprechstunde","status":"publish","type":"page","link":"https:\/\/onkologie-cottbus.de\/onkologie-haematologie-cottbus\/termin-zur-sprechstunde\/","title":{"rendered":"Termin zur Sprechstunde"},"content":{"rendered":"\n<p>Bringen Sie zur <strong>Sprechstunde <\/strong>eventuell vorhandene aktuelle <strong>Befunde <\/strong>und <strong>CD<\/strong>s mit. Geben Sie diese schon vorher an der Anmeldung ab, damit der Arzt Zeit hat, diese durchzulesen.<\/p>\n\n\n\n<p>Auch bitte jedes Mal die aktuelle <strong>Medikamentenliste <\/strong>mitbringen.<\/p>\n\n\n\n<p>In der Regel erfolgt eine Blutabnahme und k\u00f6rperliche Untersuchung. Sie brauchen NICHT n\u00fcchtern zu sein.<\/p>\n\n\n\n<p>Tragen Sie m\u00f6glichst <strong>keine &#8222;komplizierte&#8220; Kleidung <\/strong>mit vielen kleinen Kn\u00f6pfen, da Sie sich zur Untersuchung entkleiden m\u00fcssen.<\/p>\n\n\n\n<p>Es empfiehlt sich, vorher Ihre <strong>Fragen und Themen<\/strong>, die Sie ansprechen wollen, <strong>stichpunktartig zu notieren<\/strong>, bevor Sie in der Aufregung m\u00f6glicherweise etwas vergessen.<\/p>\n\n\n\n<p>In der Regel erhalten Sie, gerade wenn Sie sich in dauerhafter Behandlung befinden, einen regelm\u00e4\u00dfigen Termin in der Arztsprechstunde.<\/p>\n\n\n\n<p>Auch in Chemotherapie-Behandlung wird der Arzt Sie regelm\u00e4\u00dfig in der Sprechstunde sehen, um mit Ihnen Therapieergebnisse und die weitere Behandlung zu besprechen.<\/p>\n\n\n\n<p>Sollten Sie keinen Sprechstundentermin haben, sprechen Sie die Arzthelferinnen an der Anmeldung an.<\/p>\n\n\n\n<p>Da wir ein sehr hohes Patientenaufkommen haben und immer &#8222;knapp&#8220; mit Terminen sind, bitten wir Sie, wenn Sie Termine nicht wahrnehmen k\u00f6nnen, RECHTZEITIG VORHER ABZUSAGEN. Dies erleichtert uns die Praxisorganisation, da wir den freiwerdendem Termin dann einem dringend behandlungsbed\u00fcrftigen Patienten zur Verf\u00fcgung stellen k\u00f6nnen.<br>Wir bitten aufgrund unseres hohen Patientenaufkommens unbedingt um p\u00fcnktliches Erscheinen zum Termin, idealerweise bereits 10 Minuten vorher, da meist eine Blutabnahme vor der Sprechstunde erfolgt. Bei einer Versp\u00e4tung \u00fcber 15 Minuten muss der Termin in der Regel verschoben werden.<\/p>\n\n\n\n<blockquote class=\"wp-block-quote is-layout-flow wp-block-quote-is-layout-flow\">\n<p class=\"has-large-font-size\"><a href=\"https:\/\/onkologie-cottbus.de\/onkologie-haematologie-cottbus\/wp-content\/uploads\/2024\/02\/Termin-zur-Sprechstunde.pdf\" target=\"_blank\" rel=\"noreferrer noopener\">Hier finden Sie nochmal alle Hinweise zum Herunterladen.<\/a> <\/p>\n<\/blockquote>\n\n\n\n<div style=\"height:100px\" aria-hidden=\"true\" class=\"wp-block-spacer\"><\/div>\n","protected":false},"excerpt":{"rendered":"<p>Bringen Sie zur Sprechstunde eventuell vorhandene aktuelle Befunde und CDs mit. Geben Sie diese schon vorher an der Anmeldung ab, damit der Arzt Zeit hat, diese durchzulesen. Auch bitte jedes Mal die aktuelle Medikamentenliste mitbringen. In der Regel erfolgt eine Blutabnahme und k\u00f6rperliche Untersuchung. Sie brauchen NICHT n\u00fcchtern zu sein. Tragen Sie m\u00f6glichst keine &#8222;komplizierte&#8220; [&hellip;]<\/p>\n","protected":false},"author":1,"featured_media":191,"parent":0,"menu_order":0,"comment_status":"closed","ping_status":"closed","template":"","meta":{"footnotes":""},"class_list":["post-53","page","type-page","status-publish","has-post-thumbnail","hentry"],"_links":{"self":[{"href":"https:\/\/onkologie-cottbus.de\/onkologie-haematologie-cottbus\/wp-json\/wp\/v2\/pages\/53","targetHints":{"allow":["GET"]}}],"collection":[{"href":"https:\/\/onkologie-cottbus.de\/onkologie-haematologie-cottbus\/wp-json\/wp\/v2\/pages"}],"about":[{"href":"https:\/\/onkologie-cottbus.de\/onkologie-haematologie-cottbus\/wp-json\/wp\/v2\/types\/page"}],"author":[{"embeddable":true,"href":"https:\/\/onkologie-cottbus.de\/onkologie-haematologie-cottbus\/wp-json\/wp\/v2\/users\/1"}],"replies":[{"embeddable":true,"href":"https:\/\/onkologie-cottbus.de\/onkologie-haematologie-cottbus\/wp-json\/wp\/v2\/comments?post=53"}],"version-history":[{"count":9,"href":"https:\/\/onkologie-cottbus.de\/onkologie-haematologie-cottbus\/wp-json\/wp\/v2\/pages\/53\/revisions"}],"predecessor-version":[{"id":388,"href":"https:\/\/onkologie-cottbus.de\/onkologie-haematologie-cottbus\/wp-json\/wp\/v2\/pages\/53\/revisions\/388"}],"wp:featuredmedia":[{"embeddable":true,"href":"https:\/\/onkologie-cottbus.de\/onkologie-haematologie-cottbus\/wp-json\/wp\/v2\/media\/191"}],"wp:attachment":[{"href":"https:\/\/onkologie-cottbus.de\/onkologie-haematologie-cottbus\/wp-json\/wp\/v2\/media?parent=53"}],"curies":[{"name":"wp","href":"https:\/\/api.w.org\/{rel}","templated":true}]}}