{"id":55,"date":"2023-11-21T21:21:10","date_gmt":"2023-11-21T20:21:10","guid":{"rendered":"https:\/\/onkologie-cottbus.de\/onkologie-haematologie-cottbus\/?page_id=55"},"modified":"2024-02-06T20:19:49","modified_gmt":"2024-02-06T19:19:49","slug":"termin-zur-chemotherapie","status":"publish","type":"page","link":"https:\/\/onkologie-cottbus.de\/onkologie-haematologie-cottbus\/termin-zur-chemotherapie\/","title":{"rendered":"Termin zur Chemotherapie"},"content":{"rendered":"\n<p>Sie haben erstmalig einen Termin zur Chemotherapie. In der Regel haben Sie noch eine F\u00fclle anderer Informationen erhalten, weswegen Sie wahrscheinlich nicht mehr wissen, wo Ihnen der Kopf steht.<\/p>\n\n\n\n<p>Hier k\u00f6nnen Sie in Ruhe nochmal nachlesen, was Sie erwartet und was Sie mitbringen sollen.<\/p>\n\n\n\n<h3 class=\"wp-block-heading\">Sie bringen bitte mit:<\/h3>\n\n\n\n<ul class=\"wp-block-list\">\n<li>ein gro\u00dfes Badehandtuch<\/li>\n\n\n\n<li>etwas zu trinken (und ev. auch zu essen), nicht selten laufen die Chemotherapien \u00fcber mehrere Stunden.<\/li>\n\n\n\n<li>Ein Kaffee- und Wasserautomat ist auch vor Ort!<\/li>\n\n\n\n<li>etwas zu lesen, auch Tablet oder Notebook, gerade bei langen Infusionszeiten (WLAN-Passwort an der Anmeldung)<\/li>\n\n\n\n<li>bequeme Kleidung, bei Patienten mit Ports Oberteile mit weitem Ausschnitt, so dass der Port gut zu erreichen ist!<\/li>\n<\/ul>\n\n\n\n<p>Die Anfahrt erfolgt meist mit einem Taxi, dazu muss im Vorfeld von uns ein Transportschein verordnet worden sein. Haben Sie den nicht, bitte bei uns nachfragen.<\/p>\n\n\n\n<p>Sie selbst sind nach der Chemotherapie NICHT fahrt\u00fcchtig aufgrund der in der Regel verabreichten Mittel gegen \u00dcbelkeit etc.<\/p>\n\n\n\n<p>Oft m\u00fcssen Sie schon zu Hause bestimmte Medikamente, meist gegen \u00dcbelkeit, einnehmen. Dies wird Ihnen im Vorfeld auch erkl\u00e4rt und auch auf einem Medikamentenplan dokumentiert.<\/p>\n\n\n\n<p>Selten m\u00fcssen Medikamente auch abgesetzt werden, auch hier werden Sie gesondert darauf hingewiesen.<\/p>\n\n\n\n<p>Sollten Sie vom Hausarzt oder einem Facharzt ein neues Medikament verordnet bekommen, bitten wir, uns dies mitzuteilen. Meist ist dies unproblematisch, mache Medikamente k\u00f6nnen aber mit der Chemotherapie in Wechselwirkung treten.<\/p>\n\n\n\n<p>Dies gilt auch f\u00fcr selbstgekaufte (auch nur \u201epflanzliche\u201c) Medikamente aus der Apotheke!<\/p>\n\n\n\n<h3 class=\"wp-block-heading\">Ablauf des Therapietages:<\/h3>\n\n\n\n<ol class=\"wp-block-list\">\n<li>Sie melden sich an der Anmeldung zur Chemotherapie an.<\/li>\n\n\n\n<li>Es erfolgt immer ein kapill\u00e4res Blutbild, dass hei\u00dft, Blut wird aus der Fingerkuppe abgenommen<\/li>\n\n\n\n<li>Sollten Sie Beschwerden haben oder die letzte Chemotherapie schlecht vertragen haben, sagen Sie das gleich im Labor. Die Schwester gibt dies an den Arzt weiter, bei gr\u00f6\u00dferen Problemen wird der Arzt Sie ansehen<\/li>\n\n\n\n<li>Ansonsten werden Sie den Therapiewarteraum gehen. Erst wenn der Arzt Ihr Blutbild gesichtet hat, gibt er die Therapie frei. Wenn die Schwestern alles vorbereitet haben, werden Sie in den Therapieraum gerufen.<\/li>\n\n\n\n<li>Die Infusionen k\u00f6nnen je nach Protokoll wenige Minuten bis mehrere Stunden dauern. Manche Chemotherapeutika werden auch unter die Haut oder in den Muskel gespritzt.<\/li>\n\n\n\n<li>Wenn Sie austreten m\u00fcssen, rufen Sie die Schwester, diese schlie\u00dft Sie dann von der Infusion ab.<\/li>\n\n\n\n<li>Sind alle Infusionen beendet, wird Ihnen die Schwester mitteilen, dass Sie Ihr Taxi f\u00fcr die Heimfahrt rufen k\u00f6nnen. Bitte teilen sie uns mit, wenn sie nach Abschluss der Infusionen irgendwelche Beschwerden haben!<\/li>\n\n\n\n<li>Manche Patienten haben eine Medikamentenpumpe, die das Chemotherapeutikum \u00fcber 24 oder 48 Stunden abgibt, diese m\u00fcssen dann am Folgetag oder nach 2 Tagen in die Praxis kommen, um sich die Pumpe entfernen zu lassen.<\/li>\n\n\n\n<li>Manchmal sind an den nachfolgenden Tagen noch Medikamente einzunehmen oder zu spritzen, dies wird Ihnen immer gesondert gesagt und in diesem Fall auch ein spezieller Medikamentenplan mit nach Hause gegeben.<\/li>\n<\/ol>\n\n\n\n<p>M\u00f6gliche Nebenwirkungen k\u00f6nnen gleich w\u00e4hrend der Infusion auftreten. Sollte es bei der Infusion zu Beschwerden kommen wie \u00dcbelkeit, Frieren, Schwitzen, Zittern, Husten, Schwindel o. \u00e4., bitte SOFORT die Schwester informieren! Keine Angst! Das Personal ist f\u00fcr solche Zwischenf\u00e4lle geschult. Meist sind diese Symptome nicht schwerwiegend und k\u00f6nnen durch entsprechende Gegenma\u00dfnahmen rasch gelindert werden.<\/p>\n\n\n\n<p>Bei Brennen oder Anschwellen im Bereich der Infusionsnadel oder Portnadel bitte ebenfalls SOFORT die Schwester informieren.<\/p>\n\n\n\n<p>Um ein versehentliches Herausziehen der Nadeln zu vermeiden, bitte den Arm mit der Infusionsnadel ruhig liegen lassen. Auch sollte Zug auf die Portnadel m\u00f6glichst vermieden werden, also bitte, solange angeschlossen, auf dem Therapiestuhl bleiben und Kleidung mit engen Ausschnitt vermeiden.<\/p>\n\n\n\n<p>Viele typische Chemotherapienebenwirkungen treten erst zu Hause auf. Oft sind sie auch gar nicht so schwerwiegend. F\u00fcr die h\u00e4ufigsten Beschwerden haben Sie vorbeugend Medikamente verordnet bekommen, so gegen \u00dcbelkeit und bei manchen Chemotherapien gegen Durchfall. Dann k\u00f6nnen Sie die Bedarfsmedikation nach Anweisung nehmen.<\/p>\n\n\n\n<p>Sollten die Symptome schwerwiegend sein, dass hei\u00dft zum Beispiel starkes Erbrechen ohne M\u00f6glichkeit der Fl\u00fcssigkeitsaufnahme, massiver Durchfall, extreme Schw\u00e4che, Luftnot, so ist ein Arzt zu kontaktieren. Das gleiche gilt bei Fieber, dieses ist unter Chemotherapie als Notfall zu betrachten.<\/p>\n\n\n\n<p>M\u00f6glichst erst mal mit unserer Praxis Kontakt aufnehmen, au\u00dferhalb der Sprechzeiten \u00fcber das Notfallhandy des behandelnden Arztes (Nummer erhalten Sie zum Start der Chemotherapie). In dringenden F\u00e4llen muss der Rettungsdienst gerufen werden.<\/p>\n\n\n\n<p>Bei manchen Problemen werden wir Sie auch bitten, den Hausarzt zu konsultieren, besonders, wenn Ihr Wohnort weit von unserer Praxis entfernt ist.<\/p>\n\n\n\n<p>Sollten Sie einen Chemotherapietermin nicht wahrnehmen k\u00f6nnen oder f\u00fchlen sie sich nicht &#8222;chemotherapie-fit&#8220;, zum Beispiel durch einen Infekt o.\u00e4. bitte uns unbedingt MINDESTENS am Vortag informieren.<\/p>\n\n\n\n<p>Die teils sehr teuren Medikamente m\u00fcssen sonst weggeworfen werden, da sie speziell f\u00fcr jeden Patienten zubereitet werden.<\/p>\n\n\n\n<p>Auch \u00fcber ausgepr\u00e4gte Nebenwirkungen sollten Sie uns m\u00f6glichst im Vorfeld informieren, damit wir die Chemotherapie-Dosis entsprechend anpassen k\u00f6nnen. Dies hilft Ihnen auch, die Therapie k\u00fcnftig besser zu vertragen.<\/p>\n\n\n\n<blockquote class=\"wp-block-quote is-layout-flow wp-block-quote-is-layout-flow\">\n<p><a href=\"https:\/\/onkologie-cottbus.de\/onkologie-haematologie-cottbus\/wp-content\/uploads\/2024\/02\/Termin-zur-Chemotherapie.pdf\" target=\"_blank\" rel=\"noreferrer noopener\">Hier finden Sie nochmal alle Hinweise zum Herunterladen.<\/a> <\/p>\n<\/blockquote>\n\n\n\n<div style=\"height:100px\" aria-hidden=\"true\" class=\"wp-block-spacer\"><\/div>\n","protected":false},"excerpt":{"rendered":"<p>Sie haben erstmalig einen Termin zur Chemotherapie. In der Regel haben Sie noch eine F\u00fclle anderer Informationen erhalten, weswegen Sie wahrscheinlich nicht mehr wissen, wo Ihnen der Kopf steht. Hier k\u00f6nnen Sie in Ruhe nochmal nachlesen, was Sie erwartet und was Sie mitbringen sollen. Sie bringen bitte mit: Die Anfahrt erfolgt meist mit einem Taxi, [&hellip;]<\/p>\n","protected":false},"author":1,"featured_media":186,"parent":0,"menu_order":0,"comment_status":"closed","ping_status":"closed","template":"","meta":{"footnotes":""},"class_list":["post-55","page","type-page","status-publish","has-post-thumbnail","hentry"],"_links":{"self":[{"href":"https:\/\/onkologie-cottbus.de\/onkologie-haematologie-cottbus\/wp-json\/wp\/v2\/pages\/55","targetHints":{"allow":["GET"]}}],"collection":[{"href":"https:\/\/onkologie-cottbus.de\/onkologie-haematologie-cottbus\/wp-json\/wp\/v2\/pages"}],"about":[{"href":"https:\/\/onkologie-cottbus.de\/onkologie-haematologie-cottbus\/wp-json\/wp\/v2\/types\/page"}],"author":[{"embeddable":true,"href":"https:\/\/onkologie-cottbus.de\/onkologie-haematologie-cottbus\/wp-json\/wp\/v2\/users\/1"}],"replies":[{"embeddable":true,"href":"https:\/\/onkologie-cottbus.de\/onkologie-haematologie-cottbus\/wp-json\/wp\/v2\/comments?post=55"}],"version-history":[{"count":5,"href":"https:\/\/onkologie-cottbus.de\/onkologie-haematologie-cottbus\/wp-json\/wp\/v2\/pages\/55\/revisions"}],"predecessor-version":[{"id":387,"href":"https:\/\/onkologie-cottbus.de\/onkologie-haematologie-cottbus\/wp-json\/wp\/v2\/pages\/55\/revisions\/387"}],"wp:featuredmedia":[{"embeddable":true,"href":"https:\/\/onkologie-cottbus.de\/onkologie-haematologie-cottbus\/wp-json\/wp\/v2\/media\/186"}],"wp:attachment":[{"href":"https:\/\/onkologie-cottbus.de\/onkologie-haematologie-cottbus\/wp-json\/wp\/v2\/media?parent=55"}],"curies":[{"name":"wp","href":"https:\/\/api.w.org\/{rel}","templated":true}]}}