{"id":57,"date":"2023-11-21T21:21:50","date_gmt":"2023-11-21T20:21:50","guid":{"rendered":"https:\/\/onkologie-cottbus.de\/onkologie-haematologie-cottbus\/?page_id=57"},"modified":"2024-02-06T20:22:50","modified_gmt":"2024-02-06T19:22:50","slug":"knochenmarkpunktion","status":"publish","type":"page","link":"https:\/\/onkologie-cottbus.de\/onkologie-haematologie-cottbus\/knochenmarkpunktion\/","title":{"rendered":"Knochenmarkpunktion"},"content":{"rendered":"\n<p>Bei Ihnen ist eine Knochenmarkpunktion (KMP) geplant. \u00dcber diese Untersuchung kann die Ursache vieler Blutbildver\u00e4nderungen abgekl\u00e4rt werden, da im Knochenmark die Bildung und Reifung der Blutzellen (rote und wei\u00dfe Blutk\u00f6rperchen und Blutpl\u00e4ttchen) stattfindet.<\/p>\n\n\n\n<p>Es erfolgt unter \u00f6rtlicher Bet\u00e4ubung eine Probegewinnung am hinteren Beckenkamm. Nicht zu verwechseln ist diese Untersuchung mit einer R\u00fcckenmarkspunktion!<\/p>\n\n\n\n<p>Es werden in der Regel mit zwei verschiedenen Punktionsnadeln Proben gewonnen, zum einen Knochenmarksfl\u00fcssigkeit, zum anderen ein kleiner Knochenzylinder.<\/p>\n\n\n\n<p>Sie m\u00fcssen NICHT n\u00fcchtern sein. Bitte die Einnahme von Blutverd\u00fcnnern unbedingt angeben, da diese in der Regel abgesetzt werden m\u00fcssen. Ob und wie lange, h\u00e4ngt vom Blutverd\u00fcnner ab und auch von der Krankheit. Dies muss vorher mit dem Arzt abgesprochen werden.<\/p>\n\n\n\n<p>Blutverd\u00fcnner sind z. B.: ASS, Aspirin, Clopidogrel, Plavix, Falithrom, Marcumar, Xareltro, Eliquis, Lixiana, Pradaxa und alle Heparinspritzen!<\/p>\n\n\n\n<p>Auch Schmerzmittel wie Ibuprofen, Diclofenac oder Voltaren wirken blutverd\u00fcnnend und sollten nach M\u00f6glichkeit die letzten 5 Tage vor Punktion vermieden werden.<\/p>\n\n\n\n<p>Bitte erw\u00e4hnen Sie gesondert ungew\u00f6hnliche Blutungsneigung oder starke Nachblutung nach OPs im Vorfeld.<\/p>\n\n\n\n<p>Der Eingriff selbst dauert in der Regel 10 Minuten. Nachfolgend werden Sie noch mit einem kleinen Druckverband f\u00fcr ca. 30 min liegen, bevor Sie nach Hause d\u00fcrfen.<\/p>\n\n\n\n<p>Wir empfehlen, sich von einer Begleitperson mit PKW abholen zu lassen. Die eigene Fahrt\u00fcchtigkeit kann nach einem solchen Eingriff beeintr\u00e4chtigt sein.<\/p>\n\n\n\n<p>Bitte schonen Sie sich am Tag der KMP. Sollten Sie berufst\u00e4tig sein, werden wir Sie f\u00fcr diesen Tag krankschreiben.<\/p>\n\n\n\n<p>L\u00e4sst die Lokalan\u00e4sthesie nach, k\u00f6nnen an der Punktionsstelle Schmerzen auftreten. Bei Bedarf kann ein Schmerzmittel wie Ibuprofen oder Paracetamol eingenommen werden.<\/p>\n\n\n\n<p>24 Stunden nach dem Eingriff ist Duschen m\u00f6glich, Baden erst nach 7 Tagen.<\/p>\n\n\n\n<blockquote class=\"wp-block-quote is-layout-flow wp-block-quote-is-layout-flow\">\n<p><a href=\"https:\/\/onkologie-cottbus.de\/onkologie-haematologie-cottbus\/wp-content\/uploads\/2024\/02\/Knochenmarkpunktion.pdf\" target=\"_blank\" rel=\"noreferrer noopener\">Hier finden Sie nochmal alle Hinweise zum Herunterladen.<\/a><\/p>\n<\/blockquote>\n\n\n\n<div style=\"height:100px\" aria-hidden=\"true\" class=\"wp-block-spacer\"><\/div>\n","protected":false},"excerpt":{"rendered":"<p>Bei Ihnen ist eine Knochenmarkpunktion (KMP) geplant. \u00dcber diese Untersuchung kann die Ursache vieler Blutbildver\u00e4nderungen abgekl\u00e4rt werden, da im Knochenmark die Bildung und Reifung der Blutzellen (rote und wei\u00dfe Blutk\u00f6rperchen und Blutpl\u00e4ttchen) stattfindet. Es erfolgt unter \u00f6rtlicher Bet\u00e4ubung eine Probegewinnung am hinteren Beckenkamm. Nicht zu verwechseln ist diese Untersuchung mit einer R\u00fcckenmarkspunktion! Es werden in [&hellip;]<\/p>\n","protected":false},"author":1,"featured_media":194,"parent":0,"menu_order":0,"comment_status":"closed","ping_status":"closed","template":"","meta":{"footnotes":""},"class_list":["post-57","page","type-page","status-publish","has-post-thumbnail","hentry"],"_links":{"self":[{"href":"https:\/\/onkologie-cottbus.de\/onkologie-haematologie-cottbus\/wp-json\/wp\/v2\/pages\/57","targetHints":{"allow":["GET"]}}],"collection":[{"href":"https:\/\/onkologie-cottbus.de\/onkologie-haematologie-cottbus\/wp-json\/wp\/v2\/pages"}],"about":[{"href":"https:\/\/onkologie-cottbus.de\/onkologie-haematologie-cottbus\/wp-json\/wp\/v2\/types\/page"}],"author":[{"embeddable":true,"href":"https:\/\/onkologie-cottbus.de\/onkologie-haematologie-cottbus\/wp-json\/wp\/v2\/users\/1"}],"replies":[{"embeddable":true,"href":"https:\/\/onkologie-cottbus.de\/onkologie-haematologie-cottbus\/wp-json\/wp\/v2\/comments?post=57"}],"version-history":[{"count":3,"href":"https:\/\/onkologie-cottbus.de\/onkologie-haematologie-cottbus\/wp-json\/wp\/v2\/pages\/57\/revisions"}],"predecessor-version":[{"id":390,"href":"https:\/\/onkologie-cottbus.de\/onkologie-haematologie-cottbus\/wp-json\/wp\/v2\/pages\/57\/revisions\/390"}],"wp:featuredmedia":[{"embeddable":true,"href":"https:\/\/onkologie-cottbus.de\/onkologie-haematologie-cottbus\/wp-json\/wp\/v2\/media\/194"}],"wp:attachment":[{"href":"https:\/\/onkologie-cottbus.de\/onkologie-haematologie-cottbus\/wp-json\/wp\/v2\/media?parent=57"}],"curies":[{"name":"wp","href":"https:\/\/api.w.org\/{rel}","templated":true}]}}